{"id":786,"date":"2022-12-04T18:00:53","date_gmt":"2022-12-04T18:00:53","guid":{"rendered":"https:\/\/www.anniliikuttaa.fi\/?page_id=786"},"modified":"2026-02-13T12:06:26","modified_gmt":"2026-02-13T12:06:26","slug":"jaakiipeilykokeilu","status":"publish","type":"page","link":"https:\/\/www.anniliikuttaa.fi\/en\/jaakiipeilykokeilu\/","title":{"rendered":"Ice climbing experiment"},"content":{"rendered":"<div class=\"wp-block-cover alignfull is-light\" style=\"min-height:600px;aspect-ratio:unset;\"><span aria-hidden=\"true\" class=\"wp-block-cover__background has-nv-light-bg-background-color has-background-dim-100 has-background-dim\"><\/span><div class=\"wp-block-cover__inner-container is-layout-flow wp-block-cover-is-layout-flow\">\n<div class=\"wp-block-group\"><div class=\"wp-block-group__inner-container is-layout-flow wp-block-group-is-layout-flow\">\n<p><\/p>\n\n\n\n<div style=\"height:1px\" aria-hidden=\"true\" class=\"wp-block-spacer\"><\/div>\n\n\n\n<div class=\"wp-block-columns are-vertically-aligned-center is-layout-flex wp-container-core-columns-is-layout-9d6595d7 wp-block-columns-is-layout-flex\">\n<div class=\"wp-block-column is-vertically-aligned-center is-layout-flow wp-block-column-is-layout-flow\" style=\"flex-basis:50%\"><div class=\"wp-block-image\">\n<figure class=\"aligncenter size-large\"><img loading=\"lazy\" decoding=\"async\" width=\"768\" height=\"1024\" src=\"https:\/\/www.anniliikuttaa.fi\/wp-content\/uploads\/2024\/03\/Jaakiipeily-ponttovuori-6-768x1024.jpg\" alt=\"j\u00e4\u00e4kiipeily jyv\u00e4skyl\u00e4\" class=\"wp-image-1000\" srcset=\"https:\/\/www.anniliikuttaa.fi\/wp-content\/uploads\/2024\/03\/Jaakiipeily-ponttovuori-6-768x1024.jpg 768w, https:\/\/www.anniliikuttaa.fi\/wp-content\/uploads\/2024\/03\/Jaakiipeily-ponttovuori-6-225x300.jpg 225w, https:\/\/www.anniliikuttaa.fi\/wp-content\/uploads\/2024\/03\/Jaakiipeily-ponttovuori-6-1152x1536.jpg 1152w, https:\/\/www.anniliikuttaa.fi\/wp-content\/uploads\/2024\/03\/Jaakiipeily-ponttovuori-6-1536x2048.jpg 1536w, https:\/\/www.anniliikuttaa.fi\/wp-content\/uploads\/2024\/03\/Jaakiipeily-ponttovuori-6-scaled.jpg 1920w\" sizes=\"auto, (max-width: 768px) 100vw, 768px\" \/><\/figure><\/div><\/div>\n\n\n\n<div class=\"wp-block-column is-vertically-aligned-center is-layout-flow wp-block-column-is-layout-flow\" style=\"flex-basis:50%\">\n<h3 class=\"wp-block-heading has-neve-text-color-color has-text-color\">Come try ice climbing!<\/h3>\n\n\n\n<p class=\"has-neve-text-color-color has-text-color translation-block\">Welcome to try ice climbing! Ice climbing trials are organized at two different locations:\n-  In Central Finland, in Jyv\u00e4skyl\u00e4, in front of the old P\u00f6ntt\u00f6vuori railway tunnel. About 20 km from Jyv\u00e4skyl\u00e4 in the direction of Kuopio\n\u2013 In Helvetinj\u00e4rvi National Park, at the Helvetinj\u00e4rvi icefall, in Ruovesi.<\/p>\n\n\n\n<p class=\"has-nv-dark-bg-color has-text-color translation-block\">Ice climbing is surprisingly exciting and fun.\nAll you need is weather-appropriate clothing and a good outdoor spirit. No previous climbing experience is required. Anyone with basic fitness can manage the sport and challenge themselves.\nThe Helvetinj\u00e4rvi icefall is massive, 30 meters high, and we recommend that you have tried ice climbing at least once before if you plan to go there.\nIce climbing involves the use of ice axes and crampons attached to boots. You will be safely secured with a harness and rope, belayed by trained instructors. All equipment is provided by the organizer.\nBetween climbs you can admire nature\u2019s ice art and enjoy your snacks during breaks.<\/p>\n\n\n\n<p class=\"has-nv-dark-bg-color has-text-color\">Duration: <br>P\u00f6ntt\u00f6vuori 4h<br>Helvetinj\u00e4rvi 5 h (+ possible drive 2h\/one way)<br>Ice Climbing experiments 2026:<br><br>la 24.1. klo 10-14 P\u00f6ntt\u00f6vuori<br>su 8.2. klo 10-14 P\u00f6ntt\u00f6vuori<br>ma 23.2. klo 12-16 P\u00f6ntt\u00f6vuori <br>(Winter holiday offer 65e)<br>su 1.3. klo 10-16 Helvetinj\u00e4rvi<br>su 8.3. klo 10-14 P\u00f6ntt\u00f6vuori<br>su 29.3. klo 10-14 P\u00f6ntt\u00f6vuori<br><\/p>\n\n\n\n<p><span class=\"has-inline-color has-nv-dark-bg-color\">The price of the ice climbing experience:<\/span><br>P\u00f6ntt\u00f6vuori: <span class=\"has-inline-color has-nv-dark-bg-color\">70e\/person<\/span><br>Helvetinj\u00e4rvi: 105e\/person <\/p>\n\n\n\n<p class=\"has-nv-dark-bg-color has-text-color\">Would you like to try ice climbing on a day of your choice with your own group or for your work community? Minimum price 280e, includes 1-4 people, additional people 70e. Send a message and ask more: 050-3686186\/ Anni<br><br>SIGN UP AT THE BOTTOM OF THE PAGE<\/p>\n\n\n\n<p>If you are already a climber, you can also join the ice climbing course:<\/p>\n\n\n\n<p class=\"has-neve-text-color-color has-text-color\"><a href=\"https:\/\/www.anniliikuttaa.fi\/en\/jaakiipeilykurssi\/\">READ MORE ABOUT CLIMBING COURSES<\/a><\/p>\n\n\n\n<figure class=\"wp-block-image size-large\"><img loading=\"lazy\" decoding=\"async\" width=\"1024\" height=\"576\" src=\"https:\/\/www.anniliikuttaa.fi\/wp-content\/uploads\/2025\/11\/Helvetinjarviputous-1024x576.jpg\" alt=\"Helvetinj\u00e4rvi\" class=\"wp-image-1551\" srcset=\"https:\/\/www.anniliikuttaa.fi\/wp-content\/uploads\/2025\/11\/Helvetinjarviputous-1024x576.jpg 1024w, https:\/\/www.anniliikuttaa.fi\/wp-content\/uploads\/2025\/11\/Helvetinjarviputous-300x169.jpg 300w, https:\/\/www.anniliikuttaa.fi\/wp-content\/uploads\/2025\/11\/Helvetinjarviputous-768x432.jpg 768w, https:\/\/www.anniliikuttaa.fi\/wp-content\/uploads\/2025\/11\/Helvetinjarviputous-1536x864.jpg 1536w, https:\/\/www.anniliikuttaa.fi\/wp-content\/uploads\/2025\/11\/Helvetinjarviputous-2048x1152.jpg 2048w, https:\/\/www.anniliikuttaa.fi\/wp-content\/uploads\/2025\/11\/Helvetinjarviputous-18x10.jpg 18w\" sizes=\"auto, (max-width: 1024px) 100vw, 1024px\" \/><figcaption class=\"wp-element-caption\">Helvetinj\u00e4rvi Icefall<\/figcaption><\/figure>\n\n\n\n<div style=\"height:40px\" aria-hidden=\"true\" class=\"wp-block-spacer\"><\/div>\n<\/div>\n<\/div>\n<\/div><\/div>\n<\/div><\/div>\n\n\n\n<div class=\"wp-block-columns is-layout-flex wp-container-core-columns-is-layout-9d6595d7 wp-block-columns-is-layout-flex\">\n<div class=\"wp-block-column is-layout-flow wp-block-column-is-layout-flow\">\n<p class=\"has-nv-dark-bg-color has-text-color\">Ice climbing price:<br>P\u00f6ntt\u00f6vuori: \u20ac70\/person<br>Helvetinj\u00e4rvi: \u20ac105\/person (includes transport from the Jyv\u00e4skyl\u00e4 area)<br>Sports benefits are also accepted as a payment method.<\/p>\n\n\n\n<p class=\"has-nv-dark-bg-color has-text-color\"><br>Contain:<br>Instructions for climbing\/descenting, equipment, climbing, descending, exploring the nature destination, a wonderful experience. Transport to Helvetinj\u00e4rvi available from the Jyv\u00e4skyl\u00e4 area.<\/p>\n\n\n\n<p class=\"has-nv-dark-bg-color has-text-color\">Payment can be made by invoice, cash, sports benefits or mobilepay.<\/p>\n\n\n\n<p class=\"has-nv-dark-bg-color has-text-color\">Climbing weather reservation due to severe frost. If severe frost is expected, the event will be postponed to another time. Minimum number of participants 4 people, maximum 8 people. <\/p>\n\n\n\n<p class=\"has-nv-dark-bg-color has-text-color\">The minimum age for events is 15 years.<br>Participants are not insured by the organizer, participation is at your own risk. It is a good idea to have your own accident insurance and check if it covers the climb.<\/p>\n\n\n\n<p class=\"has-nv-dark-bg-color has-text-color\">Register using the form provided! Registration is binding and must be completed at least 8 hours before the event begins. All information on the form will be handled confidentially and used only for this event.<\/p>\n\n\n\n<p class=\"has-nv-dark-bg-color has-text-color\">Any questions? Contact 050-3686186\/ Anni<\/p>\n\n\n\n<p class=\"has-nv-dark-bg-color has-text-color\">Top-notch climbs are waiting for you! Welcome!<\/p>\n<\/div>\n\n\n\n<div class=\"wp-block-column is-layout-flow wp-block-column-is-layout-flow\"><div class=\"wp-block-image\">\n<figure class=\"aligncenter size-large\"><img loading=\"lazy\" decoding=\"async\" width=\"577\" height=\"1024\" src=\"https:\/\/www.anniliikuttaa.fi\/wp-content\/uploads\/2024\/03\/Jaakiipeily-ponttovuori-3-577x1024.jpg\" alt=\"j\u00e4\u00e4kiipeily jyv\u00e4skyl\u00e4\" class=\"wp-image-996\" srcset=\"https:\/\/www.anniliikuttaa.fi\/wp-content\/uploads\/2024\/03\/Jaakiipeily-ponttovuori-3-577x1024.jpg 577w, https:\/\/www.anniliikuttaa.fi\/wp-content\/uploads\/2024\/03\/Jaakiipeily-ponttovuori-3-169x300.jpg 169w, https:\/\/www.anniliikuttaa.fi\/wp-content\/uploads\/2024\/03\/Jaakiipeily-ponttovuori-3-768x1364.jpg 768w, https:\/\/www.anniliikuttaa.fi\/wp-content\/uploads\/2024\/03\/Jaakiipeily-ponttovuori-3-scaled.jpg 1442w\" sizes=\"auto, (max-width: 577px) 100vw, 577px\" \/><\/figure><\/div><\/div>\n<\/div>\n\n\n\n<figure class=\"wp-block-image size-large is-resized\"><img loading=\"lazy\" decoding=\"async\" width=\"576\" height=\"1024\" src=\"https:\/\/www.anniliikuttaa.fi\/wp-content\/uploads\/2025\/11\/helvetinjarvi-576x1024.jpg\" alt=\"Helvetinj\u00e4rven j\u00e4\u00e4putous\" class=\"wp-image-1550\" style=\"width:368px;height:auto\" srcset=\"https:\/\/www.anniliikuttaa.fi\/wp-content\/uploads\/2025\/11\/helvetinjarvi-576x1024.jpg 576w, https:\/\/www.anniliikuttaa.fi\/wp-content\/uploads\/2025\/11\/helvetinjarvi-169x300.jpg 169w, https:\/\/www.anniliikuttaa.fi\/wp-content\/uploads\/2025\/11\/helvetinjarvi-768x1365.jpg 768w, https:\/\/www.anniliikuttaa.fi\/wp-content\/uploads\/2025\/11\/helvetinjarvi-864x1536.jpg 864w, https:\/\/www.anniliikuttaa.fi\/wp-content\/uploads\/2025\/11\/helvetinjarvi-1152x2048.jpg 1152w, https:\/\/www.anniliikuttaa.fi\/wp-content\/uploads\/2025\/11\/helvetinjarvi-7x12.jpg 7w, https:\/\/www.anniliikuttaa.fi\/wp-content\/uploads\/2025\/11\/helvetinjarvi-scaled.jpg 1440w\" sizes=\"auto, (max-width: 576px) 100vw, 576px\" \/><figcaption class=\"wp-element-caption\">Helvetinj\u00e4rvi Icefall<\/figcaption><\/figure>\n\n\n\n<iframe loading=\"lazy\" src=\"https:\/\/docs.google.com\/forms\/d\/e\/1FAIpQLSfof6_Yc2a2AzQHK9tK1fAXB_bRvz5B-ZHCB8-QFCE3uur0aQ\/viewform?embedded=true\" width=\"640\" height=\"1042\" frameborder=\"0\" marginheight=\"0\" marginwidth=\"0\">Loading\u2026<\/iframe>\n\n\n\n<p><\/p>\n\n\n\n<div class=\"wp-block-cover alignfull is-light\" style=\"min-height:300px;aspect-ratio:unset;\"><span aria-hidden=\"true\" class=\"wp-block-cover__background has-nv-dark-bg-background-color has-background-dim-100 has-background-dim\"><\/span><div class=\"wp-block-cover__inner-container is-layout-flow wp-block-cover-is-layout-flow\">\n<div style=\"height:140px\" aria-hidden=\"true\" class=\"wp-block-spacer\"><\/div>\n\n\n\n<h2 class=\"wp-block-heading has-text-align-center has-nv-text-dark-bg-color has-text-color\">Welcome to the wonderful world of climbing<\/h2>\n\n\n\n<p class=\"has-text-align-center\">Please send a message if you have any questions or couldn&#039;t find a suitable time.<\/p>\n\n\n\n<div class=\"wp-block-buttons is-horizontal is-content-justification-center is-layout-flex wp-container-core-buttons-is-layout-499968f5 wp-block-buttons-is-layout-flex\">\n<div class=\"wp-block-button is-style-primary\"><a class=\"wp-block-button__link wp-element-button\" href=\"https:\/\/www.anniliikuttaa.fi\/en\/anniliikuttaa-yhteystiedot\/\">CONTACT US<\/a><\/div>\n<\/div>\n\n\n\n<div style=\"height:140px\" aria-hidden=\"true\" class=\"wp-block-spacer\"><\/div>\n<\/div><\/div>","protected":false},"excerpt":{"rendered":"<p>J\u00e4\u00e4kiipeilyn hinta:P\u00f6ntt\u00f6vuori: 70e\/hl\u00f6Helvetinj\u00e4rvi: 105e\/hl\u00f6 (sis\u00e4lt\u00e4\u00e4 my\u00f6s kuljetuksen Jyv\u00e4skyl\u00e4n suunnasta)Maksutavaksi k\u00e4y my\u00f6s liikuntaedut Sis\u00e4lt\u00e4\u00e4:Ohjeistus kiipeilyyn\/ laskeutumiseen, varusteet, kiipeily\u00e4, tutustumista luontokohteeseen, upean el\u00e4myksen. Helvetinj\u00e4rvelle kyyditys Jyv\u00e4skyl\u00e4n suunnalta. Maksun voi hoitaa laskulla, k\u00e4teisell\u00e4, liikuntaeduilla tai mobilepaylla. Kiipeilyss\u00e4 s\u00e4\u00e4varaus kovan pakkasen vuoksi. Jos kova pakkasp\u00e4iv\u00e4 luvassa, siirret\u00e4\u00e4n tapahtuma toiseen kertaan. Minimiosallistujam\u00e4\u00e4r\u00e4 4hl\u00f6\u00e4, maksimi 8hl\u00f6\u00e4. Tapahtumien alaik\u00e4raja on 15 vuotta.Osallistujia&hellip;&nbsp;<a href=\"https:\/\/www.anniliikuttaa.fi\/en\/jaakiipeilykokeilu\/\" class=\"\" rel=\"bookmark\">Read More \u00bb<span class=\"screen-reader-text\">Ice climbing experiment<\/span><\/a><\/p>","protected":false},"author":1,"featured_media":0,"parent":0,"menu_order":0,"comment_status":"closed","ping_status":"closed","template":"","meta":{"neve_meta_sidebar":"","neve_meta_container":"","neve_meta_enable_content_width":"","neve_meta_content_width":0,"neve_meta_title_alignment":"","neve_meta_author_avatar":"","neve_post_elements_order":"","neve_meta_disable_header":"","neve_meta_disable_footer":"","neve_meta_disable_title":"","_ti_tpc_template_sync":false,"_ti_tpc_template_id":"","footnotes":""},"class_list":["post-786","page","type-page","status-publish","hentry"],"_links":{"self":[{"href":"https:\/\/www.anniliikuttaa.fi\/en\/wp-json\/wp\/v2\/pages\/786","targetHints":{"allow":["GET"]}}],"collection":[{"href":"https:\/\/www.anniliikuttaa.fi\/en\/wp-json\/wp\/v2\/pages"}],"about":[{"href":"https:\/\/www.anniliikuttaa.fi\/en\/wp-json\/wp\/v2\/types\/page"}],"author":[{"embeddable":true,"href":"https:\/\/www.anniliikuttaa.fi\/en\/wp-json\/wp\/v2\/users\/1"}],"replies":[{"embeddable":true,"href":"https:\/\/www.anniliikuttaa.fi\/en\/wp-json\/wp\/v2\/comments?post=786"}],"version-history":[{"count":46,"href":"https:\/\/www.anniliikuttaa.fi\/en\/wp-json\/wp\/v2\/pages\/786\/revisions"}],"predecessor-version":[{"id":1695,"href":"https:\/\/www.anniliikuttaa.fi\/en\/wp-json\/wp\/v2\/pages\/786\/revisions\/1695"}],"wp:attachment":[{"href":"https:\/\/www.anniliikuttaa.fi\/en\/wp-json\/wp\/v2\/media?parent=786"}],"curies":[{"name":"wp","href":"https:\/\/api.w.org\/{rel}","templated":true}]}}