{"id":570,"date":"2022-07-07T15:10:44","date_gmt":"2022-07-07T15:10:44","guid":{"rendered":"https:\/\/www.anniliikuttaa.fi\/?page_id=570"},"modified":"2025-08-07T16:08:39","modified_gmt":"2025-08-07T16:08:39","slug":"helppo-melontaretki-etela-konnevedella","status":"publish","type":"page","link":"https:\/\/www.anniliikuttaa.fi\/en\/helppo-melontaretki-etela-konnevedella\/","title":{"rendered":"Easy canoeing trip in South Konnevesi"},"content":{"rendered":"<div class=\"wp-block-cover alignfull is-light\" style=\"min-height:600px;aspect-ratio:unset;\"><span aria-hidden=\"true\" class=\"wp-block-cover__background has-nv-light-bg-background-color has-background-dim-100 has-background-dim\"><\/span><div class=\"wp-block-cover__inner-container is-layout-flow wp-block-cover-is-layout-flow\">\n<div class=\"wp-block-group\"><div class=\"wp-block-group__inner-container is-layout-flow wp-block-group-is-layout-flow\">\n<div style=\"height:80px\" aria-hidden=\"true\" class=\"wp-block-spacer\"><\/div>\n\n\n\n<div class=\"wp-block-columns are-vertically-aligned-center is-layout-flex wp-container-core-columns-is-layout-9d6595d7 wp-block-columns-is-layout-flex\">\n<div class=\"wp-block-column is-vertically-aligned-center is-layout-flow wp-block-column-is-layout-flow\" style=\"flex-basis:50%\">\n<figure class=\"wp-block-image size-full is-resized is-style-default\"><img loading=\"lazy\" decoding=\"async\" width=\"1024\" height=\"683\" src=\"https:\/\/www.anniliikuttaa.fi\/wp-content\/uploads\/2022\/07\/Etela-konnevesi.png\" alt=\"melonta jyv\u00e4skyl\u00e4\" class=\"wp-image-626\" style=\"width:512px;height:342px\" srcset=\"https:\/\/www.anniliikuttaa.fi\/wp-content\/uploads\/2022\/07\/Etela-konnevesi.png 1024w, https:\/\/www.anniliikuttaa.fi\/wp-content\/uploads\/2022\/07\/Etela-konnevesi-300x200.png 300w, https:\/\/www.anniliikuttaa.fi\/wp-content\/uploads\/2022\/07\/Etela-konnevesi-768x512.png 768w, https:\/\/www.anniliikuttaa.fi\/wp-content\/uploads\/2022\/07\/Etela-konnevesi-930x620.png 930w\" sizes=\"auto, (max-width: 1024px) 100vw, 1024px\" \/><\/figure>\n<\/div>\n\n\n\n<div class=\"wp-block-column is-vertically-aligned-center is-layout-flow wp-block-column-is-layout-flow\" style=\"flex-basis:50%\">\n<h2 class=\"wp-block-heading has-neve-text-color-color has-text-color\">Easy canoeing trip in South Konnevesi <\/h2>\n\n\n\n<p class=\"has-nv-dark-bg-color has-text-color\">Come explore South Konnevesi National Park with us.<br>On this easy and relaxing kayaking trip, we paddle under a rock ledge in the Saukkosaari cave, marvel at beaver tracks, slip through a narrow trench and greet K\u00e4pyn\u00e4n Ukko, a large rock formation that guards the peace of the national park from the slope of K\u00e4pyn\u00e4nvuori. We take a snack break at the small rocky Varpusenlinna. <\/p>\n<\/div>\n<\/div>\n\n\n\n<div style=\"height:40px\" aria-hidden=\"true\" class=\"wp-block-spacer\"><\/div>\n<\/div><\/div>\n<\/div><\/div>\n\n\n\n<div class=\"wp-block-cover alignfull is-light\" style=\"min-height:600px;aspect-ratio:unset;\"><span aria-hidden=\"true\" class=\"wp-block-cover__background has-nv-dark-bg-background-color has-background-dim-100 has-background-dim\"><\/span><div class=\"wp-block-cover__inner-container is-layout-flow wp-block-cover-is-layout-flow\">\n<div class=\"wp-block-group\"><div class=\"wp-block-group__inner-container is-layout-flow wp-block-group-is-layout-flow\">\n<div style=\"height:80px\" aria-hidden=\"true\" class=\"wp-block-spacer\"><\/div>\n\n\n\n<div class=\"wp-block-columns are-vertically-aligned-center is-layout-flex wp-container-core-columns-is-layout-9d6595d7 wp-block-columns-is-layout-flex\">\n<div class=\"wp-block-column is-vertically-aligned-center is-layout-flow wp-block-column-is-layout-flow\" style=\"flex-basis:50%\">\n<h2 class=\"wp-block-heading has-nv-site-bg-color has-text-color has-link-color wp-elements-8ecfdfe5fcd6a3ac2fbb13b5abb0bc65\" id=\"melontaretken-vaativuustaso\">Difficulty level of the kayaking trip:&nbsp;<\/h2>\n\n\n\n<p class=\"has-nv-site-bg-color has-text-color has-link-color wp-elements-8e7cd88ffcfa634d5355ef2d4e342650\">Easy, also suitable for less experienced kayakers. The speed of the kayaking trip is adjusted according to the experience of paddlers and weather condition. Participants must be able to swim. Persons under 18 years of age may participate in kayaking only with a guardian or with written permission.<\/p>\n\n\n\n<h2 class=\"wp-block-heading has-nv-site-bg-color has-text-color has-link-color wp-elements-15f6d99b860a231a7e32f359cd607c47\">Time and place:<\/h2>\n\n\n\n<p class=\"has-nv-site-bg-color has-text-color has-link-color wp-elements-b27ad4d4f846d4a0c7d2005d339b05ee\"><\/p>\n\n\n\n<p class=\"has-nv-site-bg-color has-text-color has-link-color wp-elements-a8b6a9dc3c5ed625f1be36e31252b4cd\">Meeting point: Hanhitaipale Harbour, Satamatie 143, 77700 Rautalampi. The tour is led by a kayaking instructor, wilderness and nature guide.<strong>&nbsp;Anni Lemmetty<\/strong>&nbsp;tel. 0503686186<\/p>\n\n\n\n<p class=\"has-nv-site-bg-color has-text-color has-link-color wp-elements-171d0be63237ca79b7b712f2e52722cf\">Feel free to ask, come paddle along!<\/p>\n\n\n\n<div style=\"height:20px\" aria-hidden=\"true\" class=\"wp-block-spacer\"><\/div>\n\n\n\n<div class=\"wp-block-buttons is-layout-flex wp-block-buttons-is-layout-flex\">\n<div class=\"wp-block-button is-style-primary\"><a class=\"wp-block-button__link wp-element-button\" href=\"https:\/\/www.anniliikuttaa.fi\/en\/anniliikuttaa-yhteystiedot\/\">CONTACT US<\/a><\/div>\n<\/div>\n\n\n\n<div style=\"height:20px\" aria-hidden=\"true\" class=\"wp-block-spacer\"><\/div>\n<\/div>\n\n\n\n<div class=\"wp-block-column is-vertically-aligned-center is-layout-flow wp-block-column-is-layout-flow\" style=\"flex-basis:50%\">\n<figure class=\"wp-block-image size-full is-resized\"><img loading=\"lazy\" decoding=\"async\" width=\"1024\" height=\"683\" src=\"https:\/\/www.anniliikuttaa.fi\/wp-content\/uploads\/2022\/07\/etelakonnevesi2.png\" alt=\"melonta jyv\u00e4skyl\u00e4\" class=\"wp-image-627\" style=\"width:512px;height:342px\" srcset=\"https:\/\/www.anniliikuttaa.fi\/wp-content\/uploads\/2022\/07\/etelakonnevesi2.png 1024w, https:\/\/www.anniliikuttaa.fi\/wp-content\/uploads\/2022\/07\/etelakonnevesi2-300x200.png 300w, https:\/\/www.anniliikuttaa.fi\/wp-content\/uploads\/2022\/07\/etelakonnevesi2-768x512.png 768w, https:\/\/www.anniliikuttaa.fi\/wp-content\/uploads\/2022\/07\/etelakonnevesi2-930x620.png 930w\" sizes=\"auto, (max-width: 1024px) 100vw, 1024px\" \/><\/figure>\n<\/div>\n<\/div>\n\n\n\n<div style=\"height:40px\" aria-hidden=\"true\" class=\"wp-block-spacer\"><\/div>\n<\/div><\/div>\n<\/div><\/div>\n\n\n\n<h2 class=\"wp-block-heading\" id=\"kesto\">Duration:&nbsp;<\/h2>\n\n\n\n<p>The canoeing trip lasts approximately 3 hours and the canoeing distance is approximately 5 km.<\/p>\n\n\n\n<h2 class=\"wp-block-heading\" id=\"turvallisuus\">Safety:<\/h2>\n\n\n\n<p id=\"turvallisuus\">If weather conditions (wind speed over 8 m\/s) do not allow the safe implementation of the canoeing trip, we reserve the right to change and, if necessary, shorten the trip program or change the date of the trip. The canoeing instructor, trained by the Finnish Canoeing and Rowing Association, has a valid EA1 &amp; EA2 card, a tourism safety passport (MaTuPa).&nbsp;<\/p>\n\n\n\n<p><a href=\"https:\/\/www.olenmeloja.fi\/melonta\/turvallisuus\/\" target=\"_blank\" rel=\"noreferrer noopener\"><strong>www.olenmeloja.fi\/melonta\/turvallisuus\/<\/strong><\/a><\/p>\n\n\n\n<h2 class=\"wp-block-heading\">Price:&nbsp;<\/h2>\n\n\n\n<p>\u20ac60\/participant. Price includes tax, kayak (kayak unit), instructor services and experience. Minimum number of participants 4 paddlers. Questions? Call 050-3686186 or anni@anniliikuttaa.fi. <strong>Limited places are available!<\/strong><\/p>\n\n\n\n<iframe loading=\"lazy\" src=\"https:\/\/docs.google.com\/forms\/d\/e\/1FAIpQLSck7GQyWo27q2C74uH8GfUeZ9Nh5f8n12lejppVvPineowg1g\/viewform?embedded=true\" width=\"640\" height=\"4000\" frameborder=\"0\" marginheight=\"0\" marginwidth=\"0\">Loading\u2026<\/iframe>\n\n\n\n<div class=\"wp-block-cover alignfull is-light\" style=\"min-height:100px;aspect-ratio:unset;\"><span aria-hidden=\"true\" class=\"wp-block-cover__background has-nv-light-bg-background-color has-background-dim-100 has-background-dim\"><\/span><div class=\"wp-block-cover__inner-container is-layout-flow wp-block-cover-is-layout-flow\">\n<div class=\"wp-block-group\"><div class=\"wp-block-group__inner-container is-layout-flow wp-block-group-is-layout-flow\">\n<div class=\"wp-block-columns is-layout-flex wp-container-core-columns-is-layout-9d6595d7 wp-block-columns-is-layout-flex\">\n<div class=\"wp-block-column is-layout-flow wp-block-column-is-layout-flow\">\n<div style=\"height:40px\" aria-hidden=\"true\" class=\"wp-block-spacer\"><\/div>\n<\/div>\n<\/div>\n<\/div><\/div>\n<\/div><\/div>\n\n\n\n<p><\/p>","protected":false},"excerpt":{"rendered":"<p>Kesto:&nbsp; Melontaretken kesto on noin 3 h ja melontamatkaa tulee noin 5 km. Turvallisuus: Mik\u00e4li s\u00e4\u00e4olosuhteet (tuulen voimakkuus yli 8 m\/s) eiv\u00e4t salli melontaretken turvallista toteuttamista, niin varaamme oikeuden muuttaa ja tarvittaessa lyhent\u00e4\u00e4 retkiohjelmaa tai vaihtaa p\u00e4iv\u00e4m\u00e4\u00e4r\u00e4\u00e4 retkelle. Melonta- ja Soutuliiton kouluttamalla Melontaohjaajalla on voimassa oleva EA1 &amp; EA2-kortti, matkailualan turvallisuuspassi (MaTuPa).&nbsp; www.olenmeloja.fi\/melonta\/turvallisuus\/ Hinta:&nbsp; 60\u20ac\/osallistuja.&hellip;&nbsp;<a href=\"https:\/\/www.anniliikuttaa.fi\/en\/helppo-melontaretki-etela-konnevedella\/\" class=\"\" rel=\"bookmark\">Read More \u00bb<span class=\"screen-reader-text\">Easy canoeing trip in South Konnevesi<\/span><\/a><\/p>","protected":false},"author":1,"featured_media":0,"parent":0,"menu_order":0,"comment_status":"closed","ping_status":"closed","template":"","meta":{"neve_meta_sidebar":"","neve_meta_container":"","neve_meta_enable_content_width":"","neve_meta_content_width":0,"neve_meta_title_alignment":"","neve_meta_author_avatar":"","neve_post_elements_order":"","neve_meta_disable_header":"","neve_meta_disable_footer":"","neve_meta_disable_title":"","_ti_tpc_template_sync":false,"_ti_tpc_template_id":"","footnotes":""},"class_list":["post-570","page","type-page","status-publish","hentry"],"_links":{"self":[{"href":"https:\/\/www.anniliikuttaa.fi\/en\/wp-json\/wp\/v2\/pages\/570","targetHints":{"allow":["GET"]}}],"collection":[{"href":"https:\/\/www.anniliikuttaa.fi\/en\/wp-json\/wp\/v2\/pages"}],"about":[{"href":"https:\/\/www.anniliikuttaa.fi\/en\/wp-json\/wp\/v2\/types\/page"}],"author":[{"embeddable":true,"href":"https:\/\/www.anniliikuttaa.fi\/en\/wp-json\/wp\/v2\/users\/1"}],"replies":[{"embeddable":true,"href":"https:\/\/www.anniliikuttaa.fi\/en\/wp-json\/wp\/v2\/comments?post=570"}],"version-history":[{"count":22,"href":"https:\/\/www.anniliikuttaa.fi\/en\/wp-json\/wp\/v2\/pages\/570\/revisions"}],"predecessor-version":[{"id":1512,"href":"https:\/\/www.anniliikuttaa.fi\/en\/wp-json\/wp\/v2\/pages\/570\/revisions\/1512"}],"wp:attachment":[{"href":"https:\/\/www.anniliikuttaa.fi\/en\/wp-json\/wp\/v2\/media?parent=570"}],"curies":[{"name":"wp","href":"https:\/\/api.w.org\/{rel}","templated":true}]}}