{"id":545,"date":"2022-06-27T14:09:30","date_gmt":"2022-06-27T14:09:30","guid":{"rendered":"https:\/\/www.anniliikuttaa.fi\/?page_id=545"},"modified":"2026-03-02T10:56:08","modified_gmt":"2026-03-02T10:56:08","slug":"melontaretki-kalasaaksien-vesilla","status":"publish","type":"page","link":"https:\/\/www.anniliikuttaa.fi\/en\/melontaretki-kalasaaksien-vesilla\/","title":{"rendered":"Canoeing trip on the waters of the Ospreys"},"content":{"rendered":"<div class=\"wp-block-cover alignfull is-light\" style=\"min-height:600px;aspect-ratio:unset;\"><span aria-hidden=\"true\" class=\"wp-block-cover__background has-nv-light-bg-background-color has-background-dim-100 has-background-dim\"><\/span><div class=\"wp-block-cover__inner-container is-layout-flow wp-block-cover-is-layout-flow\">\n<div class=\"wp-block-group\"><div class=\"wp-block-group__inner-container is-layout-flow wp-block-group-is-layout-flow\">\n<div style=\"height:80px\" aria-hidden=\"true\" class=\"wp-block-spacer\"><\/div>\n\n\n\n<div class=\"wp-block-columns are-vertically-aligned-center is-layout-flex wp-container-core-columns-is-layout-9d6595d7 wp-block-columns-is-layout-flex\">\n<div class=\"wp-block-column is-vertically-aligned-center is-layout-flow wp-block-column-is-layout-flow\" style=\"flex-basis:50%\">\n<figure class=\"wp-block-image size-full is-style-default\"><img loading=\"lazy\" decoding=\"async\" width=\"544\" height=\"966\" src=\"https:\/\/www.anniliikuttaa.fi\/wp-content\/uploads\/2024\/08\/e-konnevesi.jpg\" alt=\"melonta etel\u00e4-konnevesi\" class=\"wp-image-1244\" srcset=\"https:\/\/www.anniliikuttaa.fi\/wp-content\/uploads\/2024\/08\/e-konnevesi.jpg 544w, https:\/\/www.anniliikuttaa.fi\/wp-content\/uploads\/2024\/08\/e-konnevesi-169x300.jpg 169w\" sizes=\"auto, (max-width: 544px) 100vw, 544px\" \/><\/figure>\n<\/div>\n\n\n\n<div class=\"wp-block-column is-vertically-aligned-center is-layout-flow wp-block-column-is-layout-flow\" style=\"flex-basis:50%\">\n<h2 class=\"wp-block-heading has-neve-text-color-color has-text-color\">Canoeing trip on the waters of the Ospreys<br>5.7.2026<br>30.8.2026<\/h2>\n\n\n\n<p class=\"has-neve-text-color-color has-text-color\">The day trip will take you to the southeastern part of South Konnevesi. The area is a sheltered, labyrinthine archipelago with the most rugged rocky shores and narrowest straits in the national park. There is certainly plenty to see and experience for everyone from beginners to experienced paddlers. South Konnevesi also has the strongest osprey population in Central Finland and plenty of their nests. The kayaking trip will include a long snack break on a deserted island.<br>You can also ask about a suitable day for your group.<\/p>\n<\/div>\n<\/div>\n\n\n\n<div style=\"height:40px\" aria-hidden=\"true\" class=\"wp-block-spacer\"><\/div>\n<\/div><\/div>\n<\/div><\/div>\n\n\n\n<div class=\"wp-block-cover alignfull is-light\" style=\"min-height:600px;aspect-ratio:unset;\"><span aria-hidden=\"true\" class=\"wp-block-cover__background has-nv-dark-bg-background-color has-background-dim-100 has-background-dim\"><\/span><div class=\"wp-block-cover__inner-container is-layout-flow wp-block-cover-is-layout-flow\">\n<div class=\"wp-block-group\"><div class=\"wp-block-group__inner-container is-layout-flow wp-block-group-is-layout-flow\">\n<div style=\"height:80px\" aria-hidden=\"true\" class=\"wp-block-spacer\"><\/div>\n\n\n\n<div class=\"wp-block-columns are-vertically-aligned-center is-layout-flex wp-container-core-columns-is-layout-9d6595d7 wp-block-columns-is-layout-flex\">\n<div class=\"wp-block-column is-vertically-aligned-center is-layout-flow wp-block-column-is-layout-flow\" style=\"flex-basis:50%\">\n<h2 class=\"wp-block-heading has-nv-site-bg-color has-text-color has-link-color wp-elements-8ecfdfe5fcd6a3ac2fbb13b5abb0bc65\" id=\"melontaretken-vaativuustaso\">Difficulty level of the kayaking trip:&nbsp;<\/h2>\n\n\n\n<p class=\"has-nv-site-bg-color has-text-color has-link-color wp-elements-8e7cd88ffcfa634d5355ef2d4e342650\">Easy, also suitable for less experienced kayakers. The speed of the kayaking trip is adjusted according to the experience of paddlers and weather condition. Participants must be able to swim. Persons under 18 years of age may participate in kayaking only with a guardian or with written permission.<\/p>\n\n\n\n<h2 class=\"wp-block-heading has-nv-site-bg-color has-text-color has-link-color wp-elements-15f6d99b860a231a7e32f359cd607c47\">Time and place:<\/h2>\n\n\n\n<p class=\"has-nv-site-bg-color has-text-color has-link-color wp-elements-9b970b3043e723997f62983a852e0f2e\"><br>Su 5.7. klo 10-15<br>Su 30.8. klo: 10-15<br><br>Meeting point: Hanhitaipale Harbour, Satamatie 143, 77700 Rautalampi. The tour is led by a kayaking instructor, wilderness and nature guide.<strong>&nbsp;Anni Lemmetty<\/strong>&nbsp;tel. 0503686186<\/p>\n\n\n\n<p class=\"has-nv-site-bg-color has-text-color has-link-color wp-elements-171d0be63237ca79b7b712f2e52722cf\">Feel free to ask, come paddle along!<\/p>\n\n\n\n<div style=\"height:20px\" aria-hidden=\"true\" class=\"wp-block-spacer\"><\/div>\n\n\n\n<div class=\"wp-block-buttons is-layout-flex wp-block-buttons-is-layout-flex\">\n<div class=\"wp-block-button is-style-primary\"><a class=\"wp-block-button__link wp-element-button\" href=\"https:\/\/www.anniliikuttaa.fi\/en\/anniliikuttaa-yhteystiedot\/\">CONTACT US<\/a><\/div>\n<\/div>\n\n\n\n<div style=\"height:20px\" aria-hidden=\"true\" class=\"wp-block-spacer\"><\/div>\n<\/div>\n\n\n\n<div class=\"wp-block-column is-vertically-aligned-center is-layout-flow wp-block-column-is-layout-flow\" style=\"flex-basis:50%\">\n<figure class=\"wp-block-image size-full is-resized\"><img loading=\"lazy\" decoding=\"async\" width=\"1024\" height=\"683\" src=\"https:\/\/www.anniliikuttaa.fi\/wp-content\/uploads\/2022\/07\/Etela-konnevesi.png\" alt=\"melonta jyv\u00e4skyl\u00e4\" class=\"wp-image-626\" style=\"width:588px;height:393px\" srcset=\"https:\/\/www.anniliikuttaa.fi\/wp-content\/uploads\/2022\/07\/Etela-konnevesi.png 1024w, https:\/\/www.anniliikuttaa.fi\/wp-content\/uploads\/2022\/07\/Etela-konnevesi-300x200.png 300w, https:\/\/www.anniliikuttaa.fi\/wp-content\/uploads\/2022\/07\/Etela-konnevesi-768x512.png 768w, https:\/\/www.anniliikuttaa.fi\/wp-content\/uploads\/2022\/07\/Etela-konnevesi-930x620.png 930w\" sizes=\"auto, (max-width: 1024px) 100vw, 1024px\" \/><\/figure>\n<\/div>\n<\/div>\n\n\n\n<div style=\"height:40px\" aria-hidden=\"true\" class=\"wp-block-spacer\"><\/div>\n<\/div><\/div>\n<\/div><\/div>\n\n\n\n<h2 class=\"wp-block-heading\" id=\"kesto\">Duration:&nbsp;<\/h2>\n\n\n\n<p>The duration of the kayaking trip is  4 hours 30 minutes -5 hours and the kayaking distance is approximately 12 km.<\/p>\n\n\n\n<h2 class=\"wp-block-heading\" id=\"turvallisuus\">Safety:<\/h2>\n\n\n\n<p id=\"turvallisuus\">If weather conditions (wind speed over 8 m\/s) do not allow for a safe kayaking trip, we reserve the right to modify and, if necessary, shorten the trip program or change the trip date. The kayaking instructor trained by the Canoeing and Rowing Federation has completed basic and advanced first aid courses, the tourism industry safety pass (MaTuPa), and the hygiene passport.&nbsp;<\/p>\n\n\n\n<p><a href=\"https:\/\/melontajasoutuliitto.fi\/melonta\/melonnan-turvallisuus\/\">Canoeing safety \u2013 Finnish Canoeing and Rowing Association (melontajasoutuliitto.fi)<\/a><\/p>\n\n\n\n<h2 class=\"wp-block-heading\">Price:&nbsp;<\/h2>\n\n\n\n<p>75\u20ac\/participant. Price includes kayak (kayak unit), instructor services and experience. Minimum number of participants 3 paddlers. Any questions? Tel. 050-3686186\/ Anni or anni@anniliikuttaa.fi.&nbsp;<strong>There are places for 8 people!<\/strong><\/p>\n\n\n\n<iframe loading=\"lazy\" src=\"https:\/\/docs.google.com\/forms\/d\/e\/1FAIpQLSck7GQyWo27q2C74uH8GfUeZ9Nh5f8n12lejppVvPineowg1g\/viewform?embedded=true\" width=\"640\" height=\"1944\" frameborder=\"0\" marginheight=\"0\" marginwidth=\"0\">Loading\u2026<\/iframe>\n\n\n\n<p><\/p>","protected":false},"excerpt":{"rendered":"<p>Kesto:&nbsp; Melontaretken kesto on 4 h 30 min \u2013 5 h ja melontamatkaa tulee noin 12 km. Turvallisuus: Mik\u00e4li s\u00e4\u00e4olosuhteet (tuulen voimakkuus yli 8 m\/s) eiv\u00e4t salli melontaretken turvallista toteuttamista, niin varaamme oikeuden muuttaa ja tarvittaessa lyhent\u00e4\u00e4 retkiohjelmaa tai vaihtaa p\u00e4iv\u00e4m\u00e4\u00e4r\u00e4\u00e4 retkelle. Melonta- ja Soutuliiton kouluttama Melontaohjaaja on suorittanut ensiavun perus- ja jatkokurssit, matkailualan turvallisuuspassin&hellip;&nbsp;<a href=\"https:\/\/www.anniliikuttaa.fi\/en\/melontaretki-kalasaaksien-vesilla\/\" class=\"\" rel=\"bookmark\">Read More \u00bb<span class=\"screen-reader-text\">Canoeing trip on the waters of the Ospreys<\/span><\/a><\/p>","protected":false},"author":1,"featured_media":0,"parent":0,"menu_order":0,"comment_status":"closed","ping_status":"closed","template":"page-templates\/template-pagebuilder-full-width.php","meta":{"neve_meta_sidebar":"","neve_meta_container":"","neve_meta_enable_content_width":"off","neve_meta_content_width":93,"neve_meta_title_alignment":"","neve_meta_author_avatar":"","neve_post_elements_order":"","neve_meta_disable_header":"","neve_meta_disable_footer":"","neve_meta_disable_title":"","_ti_tpc_template_sync":false,"_ti_tpc_template_id":"","footnotes":""},"class_list":["post-545","page","type-page","status-publish","hentry"],"_links":{"self":[{"href":"https:\/\/www.anniliikuttaa.fi\/en\/wp-json\/wp\/v2\/pages\/545","targetHints":{"allow":["GET"]}}],"collection":[{"href":"https:\/\/www.anniliikuttaa.fi\/en\/wp-json\/wp\/v2\/pages"}],"about":[{"href":"https:\/\/www.anniliikuttaa.fi\/en\/wp-json\/wp\/v2\/types\/page"}],"author":[{"embeddable":true,"href":"https:\/\/www.anniliikuttaa.fi\/en\/wp-json\/wp\/v2\/users\/1"}],"replies":[{"embeddable":true,"href":"https:\/\/www.anniliikuttaa.fi\/en\/wp-json\/wp\/v2\/comments?post=545"}],"version-history":[{"count":36,"href":"https:\/\/www.anniliikuttaa.fi\/en\/wp-json\/wp\/v2\/pages\/545\/revisions"}],"predecessor-version":[{"id":1698,"href":"https:\/\/www.anniliikuttaa.fi\/en\/wp-json\/wp\/v2\/pages\/545\/revisions\/1698"}],"wp:attachment":[{"href":"https:\/\/www.anniliikuttaa.fi\/en\/wp-json\/wp\/v2\/media?parent=545"}],"curies":[{"name":"wp","href":"https:\/\/api.w.org\/{rel}","templated":true}]}}