{"id":5,"date":"2020-01-13T11:17:52","date_gmt":"2020-01-13T11:17:52","guid":{"rendered":"https:\/\/demosites.io\/web-agency-gb\/?page_id=5"},"modified":"2026-01-26T13:40:30","modified_gmt":"2026-01-26T13:40:30","slug":"15c42-web-agency-gb-home","status":"publish","type":"page","link":"https:\/\/www.anniliikuttaa.fi\/en\/","title":{"rendered":"Welcome to move"},"content":{"rendered":"<div class=\"wp-block-cover alignfull is-light\" style=\"min-height:700px;aspect-ratio:unset;\"><img loading=\"lazy\" decoding=\"async\" width=\"2560\" height=\"1920\" class=\"wp-block-cover__image-background wp-image-54\" alt=\"\" src=\"https:\/\/www.anniliikuttaa.fi\/wp-content\/uploads\/2021\/07\/auringonlasku-scaled.jpg\" style=\"object-position:50% 64%\" data-object-fit=\"cover\" data-object-position=\"50% 64%\" srcset=\"https:\/\/www.anniliikuttaa.fi\/wp-content\/uploads\/2021\/07\/auringonlasku-scaled.jpg 2560w, https:\/\/www.anniliikuttaa.fi\/wp-content\/uploads\/2021\/07\/auringonlasku-300x225.jpg 300w, https:\/\/www.anniliikuttaa.fi\/wp-content\/uploads\/2021\/07\/auringonlasku-1024x768.jpg 1024w, https:\/\/www.anniliikuttaa.fi\/wp-content\/uploads\/2021\/07\/auringonlasku-768x576.jpg 768w, https:\/\/www.anniliikuttaa.fi\/wp-content\/uploads\/2021\/07\/auringonlasku-1536x1152.jpg 1536w, https:\/\/www.anniliikuttaa.fi\/wp-content\/uploads\/2021\/07\/auringonlasku-2048x1536.jpg 2048w\" sizes=\"auto, (max-width: 2560px) 100vw, 2560px\" \/><span aria-hidden=\"true\" class=\"wp-block-cover__background has-nv-site-bg-background-color has-background-dim-20 has-background-dim\"><\/span><div class=\"wp-block-cover__inner-container is-layout-flow wp-block-cover-is-layout-flow\">\n<div style=\"height:80px\" aria-hidden=\"true\" class=\"wp-block-spacer\"><\/div>\n\n\n\n<h1 class=\"wp-block-heading has-text-align-center has-nv-site-bg-color has-text-color\">Welcome to move<\/h1>\n\n\n\n<p class=\"has-text-align-center has-nv-site-bg-color has-text-color\" style=\"font-size:22px\">Anniliikuttaa organizes courses, sports trials and functional outdoor exercise in the Central Finland region.<\/p>\n\n\n\n<div class=\"wp-block-buttons is-horizontal is-content-justification-center is-layout-flex wp-container-core-buttons-is-layout-499968f5 wp-block-buttons-is-layout-flex\">\n<div class=\"wp-block-button is-style-primary\"><a class=\"wp-block-button__link wp-element-button\" href=\"https:\/\/www.anniliikuttaa.fi\/en\/luontoliikuntaa-jyvaskylassa\/\">READ MORE<\/a><\/div>\n\n\n\n<div class=\"wp-block-button is-style-secondary\"><a class=\"wp-block-button__link wp-element-button\" href=\"https:\/\/www.anniliikuttaa.fi\/en\/anniliikuttaa-yhteystiedot\/\">SIGN UP<\/a><\/div>\n<\/div>\n\n\n\n<div style=\"height:81px\" aria-hidden=\"true\" class=\"wp-block-spacer\"><\/div>\n\n\n\n<div class=\"wp-block-group\"><div class=\"wp-block-group__inner-container is-layout-constrained wp-block-group-is-layout-constrained\">\n<p class=\"has-text-align-center has-nv-site-bg-color has-text-color has-link-color has-medium-font-size wp-elements-5e126ad7a5060570e4a214f08eb7518d\"><br>\u2605\u2605\u2605\u2605\u2605<\/p>\n\n\n\n<p class=\"has-text-align-center has-nv-site-bg-color has-text-color has-link-color has-medium-font-size wp-elements-a6e6bb10278052b7674e639dc074991f\">The average rating given by customers for our services is 9.7!<br>(Over 250 feedbacks)<\/p>\n<\/div><\/div>\n\n\n\n<p><\/p>\n\n\n\n<div style=\"height:80px\" aria-hidden=\"true\" class=\"wp-block-spacer\"><\/div>\n<\/div><\/div>\n\n\n\n<p class=\"has-text-align-center has-medium-font-size\"><strong>Current events<\/strong><\/p>\n\n\n\n<p class=\"has-text-align-center has-medium-font-size\">The ice climbing season is underway! Look <a href=\"https:\/\/www.anniliikuttaa.fi\/en\/jaakiipeilykokeilu\/\">more here<\/a><br>Basic climbing courses in February and April. Look <a href=\"https:\/\/www.anniliikuttaa.fi\/en\/kiipeilyn-alkeiskurssi\/\">more here<\/a><br>Functional outdoor exercise continue in March. Look <a href=\"https:\/\/www.anniliikuttaa.fi\/en\/toiminnallinen-ulkoliikunta\/\">more here<\/a><br><br><\/p>\n\n\n\n<iframe loading=\"lazy\" src=\"https:\/\/calendar.google.com\/calendar\/embed?height=600&#038;wkst=2&#038;ctz=Europe%2FHelsinki&#038;showPrint=0&#038;src=YjQ4YWIyMjE0OTVmMGM3OWI0MjIyZmI4NDgwOGUyOGRhOWQ0MjdmYzI1MTU4OTQ0MmQ1OGIwYTMwMWM4ZTI5ZEBncm91cC5jYWxlbmRhci5nb29nbGUuY29t&#038;src=ZmkuZmlubmlzaCNob2xpZGF5QGdyb3VwLnYuY2FsZW5kYXIuZ29vZ2xlLmNvbQ&#038;color=%230B8043&#038;color=%23009688\" style=\"border:solid 1px #777\" width=\"800\" height=\"600\" frameborder=\"0\" scrolling=\"no\"><\/iframe>\n\n\n\n<div class=\"wp-block-columns is-layout-flex wp-container-core-columns-is-layout-9d6595d7 wp-block-columns-is-layout-flex\">\n<div class=\"wp-block-column is-layout-flow wp-block-column-is-layout-flow\"><div class=\"wp-block-image icon-style is-style-rounded\">\n<figure class=\"aligncenter size-large\"><img decoding=\"async\" src=\"https:\/\/www.anniliikuttaa.fi\/wp-content\/uploads\/2020\/01\/neve-webdesign-GB-03.png\" alt=\"\" class=\"wp-image-20\" title=\"\"\/><\/figure><\/div>\n\n\n<h3 class=\"wp-block-heading has-text-align-center has-neve-text-color-color has-text-color\">Small groups<\/h3>\n\n\n\n<p class=\"has-text-align-center\">Our activities are organized in small groups with individual guidance.<\/p>\n\n\n\n<div style=\"height:20px\" aria-hidden=\"true\" class=\"wp-block-spacer\"><\/div>\n<\/div>\n\n\n\n<div class=\"wp-block-column is-layout-flow wp-block-column-is-layout-flow\"><div class=\"wp-block-image icon-style is-style-rounded\">\n<figure class=\"aligncenter size-large\"><img decoding=\"async\" src=\"https:\/\/www.anniliikuttaa.fi\/wp-content\/uploads\/2020\/01\/neve-webdesign-GB-04.png\" alt=\"\" class=\"wp-image-21\"\/><\/figure><\/div>\n\n\n<h3 class=\"wp-block-heading has-text-align-center has-neve-text-color-color has-text-color\">Expert guiding<\/h3>\n\n\n\n<p class=\"has-text-align-center\">The instructors at Anniliikuttaa are experienced professionals.<\/p>\n\n\n\n<div style=\"height:20px\" aria-hidden=\"true\" class=\"wp-block-spacer\"><\/div>\n<\/div>\n\n\n\n<div class=\"wp-block-column is-layout-flow wp-block-column-is-layout-flow\"><div class=\"wp-block-image icon-style is-style-rounded\">\n<figure class=\"aligncenter size-large\"><img decoding=\"async\" src=\"https:\/\/www.anniliikuttaa.fi\/wp-content\/uploads\/2020\/01\/neve-webdesign-GB-01.png\" alt=\"\" class=\"wp-image-18\"\/><\/figure><\/div>\n\n\n<h3 class=\"wp-block-heading has-text-align-center has-neve-text-color-color has-text-color\">Safe and comfortable<\/h3>\n\n\n\n<p class=\"has-text-align-center\">With us you are safe, even if you are nervous.<\/p>\n\n\n\n<div style=\"height:20px\" aria-hidden=\"true\" class=\"wp-block-spacer\"><\/div>\n<\/div>\n<\/div>\n\n\n\n<div style=\"height:80px\" aria-hidden=\"true\" class=\"wp-block-spacer\"><\/div>\n\n\n\n<div class=\"wp-block-cover alignfull is-light\" style=\"min-height:600px;aspect-ratio:unset;\"><span aria-hidden=\"true\" class=\"wp-block-cover__background has-nv-light-bg-background-color has-background-dim-100 has-background-dim\"><\/span><div class=\"wp-block-cover__inner-container is-layout-flow wp-block-cover-is-layout-flow\">\n<div class=\"wp-block-group\"><div class=\"wp-block-group__inner-container is-layout-flow wp-block-group-is-layout-flow\">\n<div style=\"height:80px\" aria-hidden=\"true\" class=\"wp-block-spacer\"><\/div>\n\n\n\n<div class=\"wp-block-columns are-vertically-aligned-center is-layout-flex wp-container-core-columns-is-layout-9d6595d7 wp-block-columns-is-layout-flex\">\n<div class=\"wp-block-column is-vertically-aligned-center is-layout-flow wp-block-column-is-layout-flow\" style=\"flex-basis:50%\">\n<figure class=\"wp-block-image size-large is-resized\"><img loading=\"lazy\" decoding=\"async\" width=\"768\" height=\"1024\" src=\"https:\/\/www.anniliikuttaa.fi\/wp-content\/uploads\/2021\/07\/kalliokiipeilykokeilu-768x1024.jpg\" alt=\"Kiipeily\" class=\"wp-image-65\" style=\"width:568px;height:568px\" srcset=\"https:\/\/www.anniliikuttaa.fi\/wp-content\/uploads\/2021\/07\/kalliokiipeilykokeilu-768x1024.jpg 768w, https:\/\/www.anniliikuttaa.fi\/wp-content\/uploads\/2021\/07\/kalliokiipeilykokeilu-225x300.jpg 225w, https:\/\/www.anniliikuttaa.fi\/wp-content\/uploads\/2021\/07\/kalliokiipeilykokeilu.jpg 900w\" sizes=\"auto, (max-width: 768px) 100vw, 768px\" \/><figcaption class=\"wp-element-caption\">Anni enjoys rock climbing. <\/figcaption><\/figure>\n<\/div>\n\n\n\n<div class=\"wp-block-column is-vertically-aligned-center is-layout-flow wp-block-column-is-layout-flow\" style=\"flex-basis:50%\">\n<div style=\"height:20px\" aria-hidden=\"true\" class=\"wp-block-spacer\"><\/div>\n\n\n\n<h2 class=\"wp-block-heading has-text-align-left has-neve-text-color-color has-text-color\">Climbing<\/h2>\n\n\n\n<p class=\"has-text-align-left has-neve-text-color-color has-text-color\" style=\"font-size:17px\">Come and try climbing indoors, on rock or ice. You can also sign up directly for a course and start your own climbing hobby. <\/p>\n\n\n\n<div class=\"wp-block-buttons is-horizontal is-content-justification-left is-layout-flex wp-container-core-buttons-is-layout-7e5fce0a wp-block-buttons-is-layout-flex\">\n<div class=\"wp-block-button is-style-primary\"><a class=\"wp-block-button__link wp-element-button\" href=\"https:\/\/www.anniliikuttaa.fi\/en\/kiipeily\/\">READ MORE<\/a><\/div>\n<\/div>\n<\/div>\n<\/div>\n\n\n\n<div style=\"height:40px\" aria-hidden=\"true\" class=\"wp-block-spacer\"><\/div>\n<\/div><\/div>\n<\/div><\/div>\n\n\n\n<div class=\"wp-block-cover alignfull is-light\" style=\"min-height:600px;aspect-ratio:unset;\"><span aria-hidden=\"true\" class=\"wp-block-cover__background has-nv-site-bg-background-color has-background-dim-100 has-background-dim\"><\/span><div class=\"wp-block-cover__inner-container is-layout-flow wp-block-cover-is-layout-flow\">\n<div class=\"wp-block-group\"><div class=\"wp-block-group__inner-container is-layout-flow wp-block-group-is-layout-flow\">\n<div style=\"height:80px\" aria-hidden=\"true\" class=\"wp-block-spacer\"><\/div>\n\n\n\n<div class=\"wp-block-columns are-vertically-aligned-center is-layout-flex wp-container-core-columns-is-layout-9d6595d7 wp-block-columns-is-layout-flex\">\n<div class=\"wp-block-column is-vertically-aligned-center is-layout-flow wp-block-column-is-layout-flow\" style=\"flex-basis:50%\">\n<h2 class=\"wp-block-heading has-text-align-left has-neve-text-color-color has-text-color\">Kayaking<\/h2>\n\n\n\n<p class=\"has-text-align-left has-neve-text-color-color has-text-color\" style=\"font-size:17px\">Come try kayaking or join one of our unforgettable kayaking trips. You can also sign up for a course and start your own kayaking hobby.  <\/p>\n\n\n\n<div class=\"wp-block-buttons is-horizontal is-content-justification-left is-layout-flex wp-container-core-buttons-is-layout-7e5fce0a wp-block-buttons-is-layout-flex\">\n<div class=\"wp-block-button is-style-primary\"><a class=\"wp-block-button__link wp-element-button\" href=\"https:\/\/www.anniliikuttaa.fi\/en\/melonta\/\">READ MORE<\/a><\/div>\n<\/div>\n\n\n\n<div style=\"height:40px\" aria-hidden=\"true\" class=\"wp-block-spacer\"><\/div>\n<\/div>\n\n\n\n<div class=\"wp-block-column is-vertically-aligned-center is-layout-flow wp-block-column-is-layout-flow\" style=\"flex-basis:50%\">\n<figure class=\"wp-block-image size-large is-resized\"><img loading=\"lazy\" decoding=\"async\" width=\"2560\" height=\"1919\" src=\"https:\/\/www.anniliikuttaa.fi\/wp-content\/uploads\/2022\/04\/auringonlasku-edited-scaled.jpg\" alt=\"Melonta\" class=\"wp-image-358\" style=\"width:600px\" srcset=\"https:\/\/www.anniliikuttaa.fi\/wp-content\/uploads\/2022\/04\/auringonlasku-edited-scaled.jpg 2560w, https:\/\/www.anniliikuttaa.fi\/wp-content\/uploads\/2022\/04\/auringonlasku-edited-300x225.jpg 300w, https:\/\/www.anniliikuttaa.fi\/wp-content\/uploads\/2022\/04\/auringonlasku-edited-1024x768.jpg 1024w, https:\/\/www.anniliikuttaa.fi\/wp-content\/uploads\/2022\/04\/auringonlasku-edited-768x576.jpg 768w, https:\/\/www.anniliikuttaa.fi\/wp-content\/uploads\/2022\/04\/auringonlasku-edited-1536x1151.jpg 1536w, https:\/\/www.anniliikuttaa.fi\/wp-content\/uploads\/2022\/04\/auringonlasku-edited-2048x1535.jpg 2048w\" sizes=\"auto, (max-width: 2560px) 100vw, 2560px\" \/><\/figure>\n<\/div>\n<\/div>\n\n\n\n<div style=\"height:40px\" aria-hidden=\"true\" class=\"wp-block-spacer\"><\/div>\n<\/div><\/div>\n<\/div><\/div>\n\n\n\n<div class=\"wp-block-cover alignfull is-light\" style=\"min-height:600px;aspect-ratio:unset;\"><span aria-hidden=\"true\" class=\"wp-block-cover__background has-nv-dark-bg-background-color has-background-dim-100 has-background-dim\"><\/span><div class=\"wp-block-cover__inner-container is-layout-flow wp-block-cover-is-layout-flow\">\n<div class=\"wp-block-group\"><div class=\"wp-block-group__inner-container is-layout-flow wp-block-group-is-layout-flow\">\n<div style=\"height:80px\" aria-hidden=\"true\" class=\"wp-block-spacer\"><\/div>\n\n\n\n<div class=\"wp-block-columns are-vertically-aligned-center is-layout-flex wp-container-core-columns-is-layout-9d6595d7 wp-block-columns-is-layout-flex\">\n<div class=\"wp-block-column is-vertically-aligned-center is-layout-flow wp-block-column-is-layout-flow\" style=\"flex-basis:50%\">\n<figure class=\"wp-block-image size-large\"><img loading=\"lazy\" decoding=\"async\" width=\"1024\" height=\"768\" src=\"https:\/\/www.anniliikuttaa.fi\/wp-content\/uploads\/2021\/07\/A120372-1024x768.jpg\" alt=\"Ulkoliikunta\" class=\"wp-image-13\" srcset=\"https:\/\/www.anniliikuttaa.fi\/wp-content\/uploads\/2021\/07\/A120372-1024x768.jpg 1024w, https:\/\/www.anniliikuttaa.fi\/wp-content\/uploads\/2021\/07\/A120372-300x225.jpg 300w, https:\/\/www.anniliikuttaa.fi\/wp-content\/uploads\/2021\/07\/A120372-768x576.jpg 768w, https:\/\/www.anniliikuttaa.fi\/wp-content\/uploads\/2021\/07\/A120372.jpg 1500w\" sizes=\"auto, (max-width: 1024px) 100vw, 1024px\" \/><figcaption class=\"wp-element-caption\">Outdoor training in Jyv\u00e4skyl\u00e4<\/figcaption><\/figure>\n<\/div>\n\n\n\n<div class=\"wp-block-column is-vertically-aligned-center is-layout-flow wp-block-column-is-layout-flow\" style=\"flex-basis:50%\">\n<div style=\"height:40px\" aria-hidden=\"true\" class=\"wp-block-spacer\"><\/div>\n\n\n\n<h2 class=\"wp-block-heading has-text-align-left has-nv-text-dark-bg-color has-text-color\">Functional outdoor workouts<\/h2>\n\n\n\n<p class=\"has-text-align-left has-nv-text-dark-bg-color has-text-color\" style=\"font-size:17px\">Functional group exercise outdoors, in a variety of locations. Welcome to experience the joy of exercise. <\/p>\n\n\n\n<div class=\"wp-block-buttons is-horizontal is-content-justification-left is-layout-flex wp-container-core-buttons-is-layout-7e5fce0a wp-block-buttons-is-layout-flex\">\n<div class=\"wp-block-button is-style-primary\"><a class=\"wp-block-button__link wp-element-button\" href=\"https:\/\/www.anniliikuttaa.fi\/en\/toiminnallinen-ulkoliikunta\/\">READ MORE<\/a><\/div>\n<\/div>\n<\/div>\n<\/div>\n\n\n\n<div style=\"height:50px\" aria-hidden=\"true\" class=\"wp-block-spacer\"><\/div>\n<\/div><\/div>\n<\/div><\/div>\n\n\n\n<div class=\"wp-block-cover alignfull is-light\" style=\"min-height:600px;aspect-ratio:unset;\"><span aria-hidden=\"true\" class=\"wp-block-cover__background has-nv-site-bg-background-color has-background-dim-100 has-background-dim\"><\/span><div class=\"wp-block-cover__inner-container is-layout-flow wp-block-cover-is-layout-flow\">\n<div class=\"wp-block-group\"><div class=\"wp-block-group__inner-container is-layout-flow wp-block-group-is-layout-flow\">\n<div style=\"height:80px\" aria-hidden=\"true\" class=\"wp-block-spacer\"><\/div>\n\n\n\n<h2 class=\"wp-block-heading has-neve-text-color-color has-text-color\">Experiences<\/h2>\n\n\n\n<div style=\"height:20px\" aria-hidden=\"true\" class=\"wp-block-spacer\"><\/div>\n\n\n\n<div class=\"wp-block-columns are-vertically-aligned-center is-layout-flex wp-container-core-columns-is-layout-9d6595d7 wp-block-columns-is-layout-flex\">\n<div class=\"wp-block-column is-vertically-aligned-center is-layout-flow wp-block-column-is-layout-flow\" style=\"flex-basis:50%\">\n<figure class=\"wp-block-image size-large is-resized\"><img loading=\"lazy\" decoding=\"async\" width=\"768\" height=\"1024\" src=\"https:\/\/www.anniliikuttaa.fi\/wp-content\/uploads\/2024\/03\/Jaakiipeily-ponttovuori-2-768x1024.jpg\" alt=\"j\u00e4\u00e4kiipeily jyv\u00e4skyl\u00e4\" class=\"wp-image-995\" style=\"width:416px;height:auto\" srcset=\"https:\/\/www.anniliikuttaa.fi\/wp-content\/uploads\/2024\/03\/Jaakiipeily-ponttovuori-2-768x1024.jpg 768w, https:\/\/www.anniliikuttaa.fi\/wp-content\/uploads\/2024\/03\/Jaakiipeily-ponttovuori-2-225x300.jpg 225w, https:\/\/www.anniliikuttaa.fi\/wp-content\/uploads\/2024\/03\/Jaakiipeily-ponttovuori-2-scaled.jpg 1920w\" sizes=\"auto, (max-width: 768px) 100vw, 768px\" \/><\/figure>\n\n\n\n<div style=\"height:40px\" aria-hidden=\"true\" class=\"wp-block-spacer\"><\/div>\n<\/div>\n\n\n\n<div class=\"wp-block-column is-vertically-aligned-center is-layout-flow wp-block-column-is-layout-flow\" style=\"flex-basis:50%\">\n<figure class=\"wp-block-image size-large is-resized\"><img loading=\"lazy\" decoding=\"async\" width=\"576\" height=\"1024\" src=\"https:\/\/www.anniliikuttaa.fi\/wp-content\/uploads\/2025\/08\/valonmelonta-25-576x1024.jpeg\" alt=\"Valonmelonta jyvaskyla\" class=\"wp-image-1516\" style=\"width:311px;height:auto\" srcset=\"https:\/\/www.anniliikuttaa.fi\/wp-content\/uploads\/2025\/08\/valonmelonta-25-576x1024.jpeg 576w, https:\/\/www.anniliikuttaa.fi\/wp-content\/uploads\/2025\/08\/valonmelonta-25-169x300.jpeg 169w, https:\/\/www.anniliikuttaa.fi\/wp-content\/uploads\/2025\/08\/valonmelonta-25-768x1365.jpeg 768w, https:\/\/www.anniliikuttaa.fi\/wp-content\/uploads\/2025\/08\/valonmelonta-25-864x1536.jpeg 864w, https:\/\/www.anniliikuttaa.fi\/wp-content\/uploads\/2025\/08\/valonmelonta-25-7x12.jpeg 7w, https:\/\/www.anniliikuttaa.fi\/wp-content\/uploads\/2025\/08\/valonmelonta-25.jpeg 1080w\" sizes=\"auto, (max-width: 576px) 100vw, 576px\" \/><\/figure>\n\n\n\n<div style=\"height:40px\" aria-hidden=\"true\" class=\"wp-block-spacer\"><\/div>\n<\/div>\n<\/div>\n\n\n\n<div style=\"height:40px\" aria-hidden=\"true\" class=\"wp-block-spacer\"><\/div>\n<\/div><\/div>\n<\/div><\/div>\n\n\n\n<div class=\"wp-block-cover alignfull is-light\" style=\"min-height:420px;aspect-ratio:unset;\"><span aria-hidden=\"true\" class=\"wp-block-cover__background has-nv-light-bg-background-color has-background-dim-100 has-background-dim\"><\/span><div class=\"wp-block-cover__inner-container is-layout-flow wp-block-cover-is-layout-flow\">\n<div style=\"height:80px\" aria-hidden=\"true\" class=\"wp-block-spacer\"><\/div>\n\n\n\n<div class=\"wp-block-columns is-layout-flex wp-container-core-columns-is-layout-9d6595d7 wp-block-columns-is-layout-flex\">\n<div class=\"wp-block-column ticss-4ce656f1 is-layout-flow wp-block-column-is-layout-flow\">\n<figure class=\"wp-block-image size-large is-resized is-style-rounded\"><img decoding=\"async\" src=\"https:\/\/www.anniliikuttaa.fi\/wp-content\/uploads\/2022\/04\/IMG-20210612-WA0029-edited-1.jpg\" alt=\"Kalliokiipeily Jyvaskyla\" class=\"wp-image-461\" width=\"80\" height=\"NaN\" srcset=\"https:\/\/www.anniliikuttaa.fi\/wp-content\/uploads\/2022\/04\/IMG-20210612-WA0029-edited-1.jpg 490w, https:\/\/www.anniliikuttaa.fi\/wp-content\/uploads\/2022\/04\/IMG-20210612-WA0029-edited-1-300x300.jpg 300w, https:\/\/www.anniliikuttaa.fi\/wp-content\/uploads\/2022\/04\/IMG-20210612-WA0029-edited-1-150x150.jpg 150w\" sizes=\"(max-width: 490px) 100vw, 490px\" \/><\/figure>\n\n\n\n<p class=\"has-text-align-left has-neve-text-color-color has-text-color\">\u201cAwesome feeling and got to experience new wonderful experiences.\u201d<\/p>\n\n\n\n<p class=\"has-neve-text-color-color has-text-color\">Heikki<\/p>\n\n\n\n<div style=\"height:20px\" aria-hidden=\"true\" class=\"wp-block-spacer\"><\/div>\n<\/div>\n\n\n\n<div class=\"wp-block-column ticss-f6fc7494 is-layout-flow wp-block-column-is-layout-flow\">\n<figure class=\"wp-block-image size-large is-resized is-style-rounded\"><img decoding=\"async\" src=\"https:\/\/www.anniliikuttaa.fi\/wp-content\/uploads\/2022\/04\/20210611_184841-edited-1.jpg\" alt=\"\" class=\"wp-image-463\" width=\"80\" height=\"NaN\" srcset=\"https:\/\/www.anniliikuttaa.fi\/wp-content\/uploads\/2022\/04\/20210611_184841-edited-1.jpg 338w, https:\/\/www.anniliikuttaa.fi\/wp-content\/uploads\/2022\/04\/20210611_184841-edited-1-300x300.jpg 300w, https:\/\/www.anniliikuttaa.fi\/wp-content\/uploads\/2022\/04\/20210611_184841-edited-1-150x150.jpg 150w\" sizes=\"(max-width: 338px) 100vw, 338px\" \/><\/figure>\n\n\n\n<p class=\"has-text-align-left has-neve-text-color-color has-text-color\">\u201cAnni&#039;s course has a wonderful atmosphere and the joy of doing things\u201d<\/p>\n\n\n\n<p class=\"has-neve-text-color-color has-text-color\">Mary<\/p>\n\n\n\n<div style=\"height:20px\" aria-hidden=\"true\" class=\"wp-block-spacer\"><\/div>\n\n\n\n<p><\/p>\n<\/div>\n\n\n\n<div class=\"wp-block-column ticss-a5b4df29 is-layout-flow wp-block-column-is-layout-flow\">\n<figure class=\"wp-block-image size-large is-resized is-style-rounded\"><img decoding=\"async\" src=\"https:\/\/www.anniliikuttaa.fi\/wp-content\/uploads\/2022\/04\/IMG-20210612-WA0029-edited-2.jpg\" alt=\"\" class=\"wp-image-464\" width=\"80\" height=\"NaN\" srcset=\"https:\/\/www.anniliikuttaa.fi\/wp-content\/uploads\/2022\/04\/IMG-20210612-WA0029-edited-2.jpg 667w, https:\/\/www.anniliikuttaa.fi\/wp-content\/uploads\/2022\/04\/IMG-20210612-WA0029-edited-2-300x300.jpg 300w, https:\/\/www.anniliikuttaa.fi\/wp-content\/uploads\/2022\/04\/IMG-20210612-WA0029-edited-2-150x150.jpg 150w\" sizes=\"(max-width: 667px) 100vw, 667px\" \/><\/figure>\n\n\n\n<p class=\"has-text-align-left has-neve-text-color-color has-text-color\">\u201cWith Anni&#039;s courses, I have been able to safely and in a great group try new sports and at the same time enjoy the joy of being outdoors, I recommend it!\u201d<\/p>\n\n\n\n<p class=\"has-neve-text-color-color has-text-color\">Heidi<\/p>\n\n\n\n<div style=\"height:20px\" aria-hidden=\"true\" class=\"wp-block-spacer\"><\/div>\n<\/div>\n<\/div>\n\n\n\n<div style=\"height:30px\" aria-hidden=\"true\" class=\"wp-block-spacer\"><\/div>\n<\/div><\/div>\n\n\n\n<div class=\"wp-block-cover alignfull is-light\" style=\"min-height:300px;aspect-ratio:unset;\"><span aria-hidden=\"true\" class=\"wp-block-cover__background has-nv-dark-bg-background-color has-background-dim-100 has-background-dim\"><\/span><div class=\"wp-block-cover__inner-container is-layout-flow wp-block-cover-is-layout-flow\">\n<div style=\"height:140px\" aria-hidden=\"true\" class=\"wp-block-spacer\"><\/div>\n\n\n\n<h2 class=\"wp-block-heading has-text-align-center has-nv-text-dark-bg-color has-text-color\">Come and experience the taste of life<\/h2>\n\n\n\n<p class=\"has-text-align-center\">Now is the right time to try something new<\/p>\n\n\n\n<div class=\"wp-block-buttons is-horizontal is-content-justification-center is-layout-flex wp-container-core-buttons-is-layout-499968f5 wp-block-buttons-is-layout-flex\">\n<div class=\"wp-block-button is-style-primary\"><a class=\"wp-block-button__link wp-element-button\" href=\"https:\/\/www.anniliikuttaa.fi\/en\/luontoliikuntaa-jyvaskylassa\/\">JUMP IN<\/a><\/div>\n<\/div>\n\n\n\n<div style=\"height:140px\" aria-hidden=\"true\" class=\"wp-block-spacer\"><\/div>\n<\/div><\/div>","protected":false},"excerpt":{"rendered":"<p>Ajankohtaista J\u00e4\u00e4kiipeilykausi on k\u00e4ynniss\u00e4! Katso t\u00e4\u00e4lt\u00e4 lis\u00e4\u00e4Kiipeilyn peruskurssit helmi- ja huhtikuussa. Katso t\u00e4\u00e4lt\u00e4 lis\u00e4\u00e4Toiminnalliset ulkotreenit jatkuu maaliskuussa. Katso t\u00e4\u00e4lt\u00e4 lis\u00e4\u00e4 Pienet ryhm\u00e4t Toimintamme j\u00e4rjestet\u00e4\u00e4n pieniss\u00e4 ryhmiss\u00e4 yksil\u00f6llisesti ohjaten Timanttinen ohjaus Anniliikuttaa ohjaajat ovat kokeneita ammattilaisia Turvallista ja mukavaa Kanssamme olet turvassa vaikka j\u00e4nnitt\u00e4\u00e4<\/p>","protected":false},"author":1,"featured_media":0,"parent":0,"menu_order":0,"comment_status":"closed","ping_status":"closed","template":"","meta":{"neve_meta_sidebar":"default","neve_meta_container":"default","neve_meta_enable_content_width":"on","neve_meta_content_width":100,"neve_meta_title_alignment":"","neve_meta_author_avatar":"","neve_post_elements_order":"","neve_meta_disable_header":"","neve_meta_disable_footer":"","neve_meta_disable_title":"on","_ti_tpc_template_sync":false,"_ti_tpc_template_id":"cwhkd9lki581rusuhjti","footnotes":""},"class_list":["post-5","page","type-page","status-publish","hentry"],"_links":{"self":[{"href":"https:\/\/www.anniliikuttaa.fi\/en\/wp-json\/wp\/v2\/pages\/5","targetHints":{"allow":["GET"]}}],"collection":[{"href":"https:\/\/www.anniliikuttaa.fi\/en\/wp-json\/wp\/v2\/pages"}],"about":[{"href":"https:\/\/www.anniliikuttaa.fi\/en\/wp-json\/wp\/v2\/types\/page"}],"author":[{"embeddable":true,"href":"https:\/\/www.anniliikuttaa.fi\/en\/wp-json\/wp\/v2\/users\/1"}],"replies":[{"embeddable":true,"href":"https:\/\/www.anniliikuttaa.fi\/en\/wp-json\/wp\/v2\/comments?post=5"}],"version-history":[{"count":43,"href":"https:\/\/www.anniliikuttaa.fi\/en\/wp-json\/wp\/v2\/pages\/5\/revisions"}],"predecessor-version":[{"id":1685,"href":"https:\/\/www.anniliikuttaa.fi\/en\/wp-json\/wp\/v2\/pages\/5\/revisions\/1685"}],"wp:attachment":[{"href":"https:\/\/www.anniliikuttaa.fi\/en\/wp-json\/wp\/v2\/media?parent=5"}],"curies":[{"name":"wp","href":"https:\/\/api.w.org\/{rel}","templated":true}]}}