{"id":492,"date":"2022-05-03T17:20:35","date_gmt":"2022-05-03T17:20:35","guid":{"rendered":"https:\/\/www.anniliikuttaa.fi\/?page_id=492"},"modified":"2026-01-26T08:45:31","modified_gmt":"2026-01-26T08:45:31","slug":"kalliokiipeilykokeilu","status":"publish","type":"page","link":"https:\/\/www.anniliikuttaa.fi\/en\/kalliokiipeilykokeilu\/","title":{"rendered":"Rock climbing experience and abseiling"},"content":{"rendered":"<div class=\"wp-block-cover alignfull is-light\" style=\"min-height:600px;aspect-ratio:unset;\"><span aria-hidden=\"true\" class=\"wp-block-cover__background has-nv-light-bg-background-color has-background-dim-100 has-background-dim\"><\/span><div class=\"wp-block-cover__inner-container is-layout-flow wp-block-cover-is-layout-flow\">\n<div class=\"wp-block-group\"><div class=\"wp-block-group__inner-container is-layout-flow wp-block-group-is-layout-flow\">\n<div style=\"height:1px\" aria-hidden=\"true\" class=\"wp-block-spacer\"><\/div>\n\n\n\n<div class=\"wp-block-columns are-vertically-aligned-center is-layout-flex wp-container-core-columns-is-layout-9d6595d7 wp-block-columns-is-layout-flex\">\n<div class=\"wp-block-column is-vertically-aligned-center is-layout-flow wp-block-column-is-layout-flow\" style=\"flex-basis:50%\"><div class=\"wp-block-image is-resized\">\n<figure class=\"aligncenter size-large\"><img loading=\"lazy\" decoding=\"async\" width=\"768\" height=\"1024\" src=\"https:\/\/www.anniliikuttaa.fi\/wp-content\/uploads\/2021\/07\/6114793-768x1024.jpg\" alt=\"Kiipeily\u00e4 Jyv\u00e4skyl\u00e4ss\u00e4\" class=\"wp-image-19\" srcset=\"https:\/\/www.anniliikuttaa.fi\/wp-content\/uploads\/2021\/07\/6114793-768x1024.jpg 768w, https:\/\/www.anniliikuttaa.fi\/wp-content\/uploads\/2021\/07\/6114793-225x300.jpg 225w, https:\/\/www.anniliikuttaa.fi\/wp-content\/uploads\/2021\/07\/6114793.jpg 900w\" sizes=\"auto, (max-width: 768px) 100vw, 768px\" \/><\/figure><\/div><\/div>\n\n\n\n<div class=\"wp-block-column is-vertically-aligned-center is-layout-flow wp-block-column-is-layout-flow\" style=\"flex-basis:50%\">\n<h3 class=\"wp-block-heading has-text-align-center has-neve-text-color-color has-text-color\">Come and try rock climbing or abseiling<\/h3>\n\n\n\n<p class=\"has-text-align-left has-neve-text-color-color has-text-color\"><\/p>\n\n\n\n<p class=\"has-neve-text-color-color has-text-color\">Welcome to rock climbing at Patamankallio. The place is popular with climbers because of the diverse climbing routes offered by the large rock wall. Anyone can participate in rock climbing, even if they have never climbed before. You get to challenge yourself and climb up the rock! You are safely attached to the harness and rope by trained instructors. You can also choose to abseil.<br><br><br>Seuraava kalliokiipeilykokeilu: <br><br>12.5. klo 17-20, Patamankallio, Hirvaskangas<br>25.8. klo 17-20, Patamankallio, Hirvaskangas <br><br> <br>A private rock climbing day is also possible for your company or your own group. Minimum price 220e (incl. 1-4 people, additional people 55e). Ask for more information and we&#039;ll arrange a time!<br>Abseiling possible until November at various sites.<br><\/p>\n\n\n\n<p class=\"has-text-align-left has-neve-text-color-color has-text-color\"><br><br>SIGN UP AT THE BOTTOM OF THE PAGE <\/p>\n\n\n\n<div class=\"wp-block-buttons is-horizontal is-content-justification-center is-layout-flex wp-container-core-buttons-is-layout-499968f5 wp-block-buttons-is-layout-flex\"><\/div>\n\n\n\n<div style=\"height:40px\" aria-hidden=\"true\" class=\"wp-block-spacer\"><\/div>\n<\/div>\n<\/div>\n<\/div><\/div>\n<\/div><\/div>\n\n\n\n<div class=\"wp-block-columns is-layout-flex wp-container-core-columns-is-layout-9d6595d7 wp-block-columns-is-layout-flex\">\n<div class=\"wp-block-column is-layout-flow wp-block-column-is-layout-flow\">\n<p class=\"has-nv-dark-bg-color has-text-color\">Rock climbing price: 55e\/person<br>Rappelling price: 45e\/person (You can rappel more than once if there is no climbing involved in the event)<br>Abseiling and rock climbing package: 65e\/person <br><br>Contain:<br>instructions for climbing\/descenting, equipment, climbing, descending, exploring the nature destination, a wonderful experience<\/p>\n\n\n\n<p class=\"has-nv-dark-bg-color has-text-color\">Payment can be made by invoice, cash, sports benefits or mobilepay on the day of the climb.<\/p>\n\n\n\n<p class=\"has-nv-dark-bg-color has-text-color\">Climbing is subject to weather conditions due to rain. If a rainy day is expected, the event will be postponed to another time. Minimum number of participants 4 people, maximum 8 people. (With your own group, you can agree on a larger number)<\/p>\n\n\n\n<p class=\"has-nv-dark-bg-color has-text-color\">The minimum age for events is 12 years.<br>Participants are not insured by the organizer, participation is at your own risk. It is a good idea to have your own accident insurance and check if it covers the climb.<\/p>\n\n\n\n<p class=\"has-nv-dark-bg-color has-text-color\">Register using the form below! Registration is binding and must be completed no later than 24 hours before the event starts. All information in the form will be treated confidentially and will only be used for this event.<\/p>\n\n\n\n<p class=\"has-nv-dark-bg-color has-text-color\">Any questions? Contact 050-3686186\/ Anni<\/p>\n\n\n\n<p class=\"has-nv-dark-bg-color has-text-color\">Top-notch climbs are waiting for you! Welcome!<\/p>\n<\/div>\n\n\n\n<div class=\"wp-block-column is-layout-flow wp-block-column-is-layout-flow\"><div class=\"wp-block-image\">\n<figure class=\"aligncenter size-large\"><img loading=\"lazy\" decoding=\"async\" width=\"768\" height=\"1024\" src=\"https:\/\/www.anniliikuttaa.fi\/wp-content\/uploads\/2022\/07\/IMG-20200611-WA0102-768x1024.jpg\" alt=\"Kalliokiipeily Jyv\u00e4skyl\u00e4\" class=\"wp-image-668\" srcset=\"https:\/\/www.anniliikuttaa.fi\/wp-content\/uploads\/2022\/07\/IMG-20200611-WA0102-768x1023.jpg 768w, https:\/\/www.anniliikuttaa.fi\/wp-content\/uploads\/2022\/07\/IMG-20200611-WA0102-225x300.jpg 225w, https:\/\/www.anniliikuttaa.fi\/wp-content\/uploads\/2022\/07\/IMG-20200611-WA0102-1153x1536.jpg 1153w, https:\/\/www.anniliikuttaa.fi\/wp-content\/uploads\/2022\/07\/IMG-20200611-WA0102.jpg 1200w\" sizes=\"auto, (max-width: 768px) 100vw, 768px\" \/><\/figure><\/div><\/div>\n<\/div>\n\n\n\n<iframe loading=\"lazy\" src=\"https:\/\/docs.google.com\/forms\/d\/e\/1FAIpQLSfof6_Yc2a2AzQHK9tK1fAXB_bRvz5B-ZHCB8-QFCE3uur0aQ\/viewform?embedded=true\" width=\"640\" height=\"1042\" frameborder=\"0\" marginheight=\"0\" marginwidth=\"0\">Loading\u2026<\/iframe>\n\n\n\n<p><\/p>\n\n\n\n<div class=\"wp-block-cover alignfull is-light\" style=\"min-height:300px;aspect-ratio:unset;\"><span aria-hidden=\"true\" class=\"wp-block-cover__background has-nv-dark-bg-background-color has-background-dim-100 has-background-dim\"><\/span><div class=\"wp-block-cover__inner-container is-layout-flow wp-block-cover-is-layout-flow\">\n<div style=\"height:140px\" aria-hidden=\"true\" class=\"wp-block-spacer\"><\/div>\n\n\n\n<h2 class=\"wp-block-heading has-text-align-center has-nv-text-dark-bg-color has-text-color\">Welcome to the wonderful world of climbing<\/h2>\n\n\n\n<p class=\"has-text-align-center\">Please send a message if you have any questions or couldn&#039;t find a suitable time.<\/p>\n\n\n\n<div class=\"wp-block-buttons is-horizontal is-content-justification-center is-layout-flex wp-container-core-buttons-is-layout-499968f5 wp-block-buttons-is-layout-flex\">\n<div class=\"wp-block-button is-style-primary\"><a class=\"wp-block-button__link wp-element-button\" href=\"https:\/\/www.anniliikuttaa.fi\/en\/anniliikuttaa-yhteystiedot\/\">CONTACT US<\/a><\/div>\n<\/div>\n\n\n\n<div style=\"height:140px\" aria-hidden=\"true\" class=\"wp-block-spacer\"><\/div>\n<\/div><\/div>","protected":false},"excerpt":{"rendered":"<p>Kalliokiipeilyn hinta: 55e\/hl\u00f6K\u00f6ysilaskeutumisen hinta: 45e\/hl\u00f6 (Voit laskeutua useammin kuin kerran, jos tapahtuman yhteydess\u00e4 ei ole kiipeily\u00e4)K\u00f6ysilaskeutuminen ja kalliokiipeily pakettina: 65e\/hl\u00f6 Sis\u00e4lt\u00e4\u00e4:ohjeistus kiipeilyyn\/ laskeutumiseen, varusteet, kiipeily\u00e4, laskeutumista, tutustumista luontokohteeseen, upean el\u00e4myksen Maksun voi hoitaa laskulla, k\u00e4teisell\u00e4, liikuntaeduilla tai mobilepaylla kiipeilyp\u00e4iv\u00e4n\u00e4. Kiipeilyss\u00e4 s\u00e4\u00e4varaus sateen vuoksi. Jos sateinen p\u00e4iv\u00e4 luvassa, siirret\u00e4\u00e4n tapahtuma toiseen kertaan. Minimiosallistujam\u00e4\u00e4r\u00e4 4hl\u00f6\u00e4, maksimi 8hl\u00f6\u00e4.&hellip;&nbsp;<a href=\"https:\/\/www.anniliikuttaa.fi\/en\/kalliokiipeilykokeilu\/\" class=\"\" rel=\"bookmark\">Read More \u00bb<span class=\"screen-reader-text\">Rock climbing experience and abseiling<\/span><\/a><\/p>","protected":false},"author":1,"featured_media":0,"parent":0,"menu_order":0,"comment_status":"closed","ping_status":"closed","template":"","meta":{"neve_meta_sidebar":"","neve_meta_container":"","neve_meta_enable_content_width":"","neve_meta_content_width":0,"neve_meta_title_alignment":"","neve_meta_author_avatar":"","neve_post_elements_order":"","neve_meta_disable_header":"","neve_meta_disable_footer":"","neve_meta_disable_title":"","_ti_tpc_template_sync":false,"_ti_tpc_template_id":"","footnotes":""},"class_list":["post-492","page","type-page","status-publish","hentry"],"_links":{"self":[{"href":"https:\/\/www.anniliikuttaa.fi\/en\/wp-json\/wp\/v2\/pages\/492","targetHints":{"allow":["GET"]}}],"collection":[{"href":"https:\/\/www.anniliikuttaa.fi\/en\/wp-json\/wp\/v2\/pages"}],"about":[{"href":"https:\/\/www.anniliikuttaa.fi\/en\/wp-json\/wp\/v2\/types\/page"}],"author":[{"embeddable":true,"href":"https:\/\/www.anniliikuttaa.fi\/en\/wp-json\/wp\/v2\/users\/1"}],"replies":[{"embeddable":true,"href":"https:\/\/www.anniliikuttaa.fi\/en\/wp-json\/wp\/v2\/comments?post=492"}],"version-history":[{"count":47,"href":"https:\/\/www.anniliikuttaa.fi\/en\/wp-json\/wp\/v2\/pages\/492\/revisions"}],"predecessor-version":[{"id":1653,"href":"https:\/\/www.anniliikuttaa.fi\/en\/wp-json\/wp\/v2\/pages\/492\/revisions\/1653"}],"wp:attachment":[{"href":"https:\/\/www.anniliikuttaa.fi\/en\/wp-json\/wp\/v2\/media?parent=492"}],"curies":[{"name":"wp","href":"https:\/\/api.w.org\/{rel}","templated":true}]}}