{"id":314,"date":"2020-01-27T08:05:29","date_gmt":"2020-01-27T08:05:29","guid":{"rendered":"https:\/\/demosites.io\/web-agency-gb\/?page_id=69"},"modified":"2022-04-04T12:50:19","modified_gmt":"2022-04-04T12:50:19","slug":"luontoliikuntaa-jyvaskylassa","status":"publish","type":"page","link":"https:\/\/www.anniliikuttaa.fi\/en\/luontoliikuntaa-jyvaskylassa\/","title":{"rendered":"Luontoliikunta"},"content":{"rendered":"<div class=\"wp-block-cover alignfull has-nv-site-bg-background-color has-background-dim\" style=\"min-height:300px;aspect-ratio:unset;\"><div class=\"wp-block-cover__inner-container is-layout-flow wp-block-cover-is-layout-flow\">\n<div class=\"wp-block-group\"><div class=\"wp-block-group__inner-container is-layout-flow wp-block-group-is-layout-flow\">\n<h1 class=\"has-text-align-left has-neve-text-color-color has-text-color wp-block-heading\">Outdoor activities in Jyv\u00e4skyl\u00e4 and the surrounding area<\/h1>\n<\/div><\/div>\n<\/div><\/div>\n\n\n\n<div class=\"wp-block-cover alignfull has-nv-light-bg-background-color has-background-dim\" style=\"min-height:600px;aspect-ratio:unset;\"><div class=\"wp-block-cover__inner-container is-layout-flow wp-block-cover-is-layout-flow\">\n<div class=\"wp-block-group\"><div class=\"wp-block-group__inner-container is-layout-flow wp-block-group-is-layout-flow\">\n<div style=\"height:1px\" aria-hidden=\"true\" class=\"wp-block-spacer\"><\/div>\n\n\n\n<div class=\"wp-block-columns are-vertically-aligned-center is-layout-flex wp-container-core-columns-is-layout-9d6595d7 wp-block-columns-is-layout-flex\">\n<div class=\"wp-block-column is-vertically-aligned-center is-layout-flow wp-block-column-is-layout-flow\" style=\"flex-basis:50%\">\n<div class=\"wp-block-image\"><figure class=\"alignleft size-large is-resized\"><img loading=\"lazy\" decoding=\"async\" src=\"https:\/\/www.anniliikuttaa.fi\/wp-content\/uploads\/2022\/04\/kalliokiipeily-edited.jpg\" alt=\"Kalliokiipeily jyv\u00e4skyl\u00e4ss\u00e4\" class=\"wp-image-388\" width=\"600\" height=\"600\" srcset=\"https:\/\/www.anniliikuttaa.fi\/wp-content\/uploads\/2022\/04\/kalliokiipeily-edited.jpg 850w, https:\/\/www.anniliikuttaa.fi\/wp-content\/uploads\/2022\/04\/kalliokiipeily-edited-300x300.jpg 300w, https:\/\/www.anniliikuttaa.fi\/wp-content\/uploads\/2022\/04\/kalliokiipeily-edited-150x150.jpg 150w, https:\/\/www.anniliikuttaa.fi\/wp-content\/uploads\/2022\/04\/kalliokiipeily-edited-768x768.jpg 768w\" sizes=\"auto, (max-width: 600px) 100vw, 600px\" \/><\/figure><\/div>\n\n\n\n<h3 class=\"has-text-align-center has-neve-text-color-color has-text-color wp-block-heading\">Climbing<\/h3>\n\n\n\n<p class=\"has-text-align-center has-neve-text-color-color has-text-color\">Climbing is an exciting year-round outdoor sport. Form your own group or register for open events. <\/p>\n\n\n\n<div class=\"wp-block-buttons is-content-justification-center is-layout-flex wp-block-buttons-is-layout-flex\">\n<div class=\"wp-block-button is-style-primary\"><a class=\"wp-block-button__link\" href=\"https:\/\/www.anniliikuttaa.fi\/en\/kiipeily\/\">READ MORE<\/a><\/div>\n<\/div>\n\n\n\n<div style=\"height:40px\" aria-hidden=\"true\" class=\"wp-block-spacer\"><\/div>\n<\/div>\n\n\n\n<div class=\"wp-block-column is-vertically-aligned-center is-layout-flow wp-block-column-is-layout-flow\" style=\"flex-basis:50%\">\n<div class=\"wp-block-image\"><figure class=\"alignleft size-large is-resized\"><img loading=\"lazy\" decoding=\"async\" src=\"https:\/\/www.anniliikuttaa.fi\/wp-content\/uploads\/2022\/04\/IMG_20210629_192952-edited-scaled.jpg\" alt=\"Melontaa Jyv\u00e4skyl\u00e4ss\u00e4\" class=\"wp-image-382\" width=\"600\" height=\"600\" srcset=\"https:\/\/www.anniliikuttaa.fi\/wp-content\/uploads\/2022\/04\/IMG_20210629_192952-edited-scaled.jpg 2560w, https:\/\/www.anniliikuttaa.fi\/wp-content\/uploads\/2022\/04\/IMG_20210629_192952-edited-300x300.jpg 300w, https:\/\/www.anniliikuttaa.fi\/wp-content\/uploads\/2022\/04\/IMG_20210629_192952-edited-1024x1024.jpg 1024w, https:\/\/www.anniliikuttaa.fi\/wp-content\/uploads\/2022\/04\/IMG_20210629_192952-edited-150x150.jpg 150w, https:\/\/www.anniliikuttaa.fi\/wp-content\/uploads\/2022\/04\/IMG_20210629_192952-edited-768x768.jpg 768w, https:\/\/www.anniliikuttaa.fi\/wp-content\/uploads\/2022\/04\/IMG_20210629_192952-edited-1536x1536.jpg 1536w, https:\/\/www.anniliikuttaa.fi\/wp-content\/uploads\/2022\/04\/IMG_20210629_192952-edited-2048x2048.jpg 2048w\" sizes=\"auto, (max-width: 600px) 100vw, 600px\" \/><\/figure><\/div>\n\n\n\n<h3 class=\"has-text-align-center has-neve-text-color-color has-text-color wp-block-heading\">Canoeing<\/h3>\n\n\n\n<p class=\"has-text-align-center has-neve-text-color-color has-text-color\">Come try kayaking, sign up for open events, or organize an unforgettable trip for your group.<\/p>\n\n\n\n<div class=\"wp-block-buttons is-content-justification-center is-layout-flex wp-block-buttons-is-layout-flex\">\n<div class=\"wp-block-button is-style-primary\"><a class=\"wp-block-button__link\" href=\"https:\/\/www.anniliikuttaa.fi\/en\/melonta\/\">READ MORE<\/a><\/div>\n<\/div>\n\n\n\n<div style=\"height:40px\" aria-hidden=\"true\" class=\"wp-block-spacer\"><\/div>\n\n\n\n<p><\/p>\n<\/div>\n<\/div>\n\n\n\n<div style=\"height:40px\" aria-hidden=\"true\" class=\"wp-block-spacer\"><\/div>\n<\/div><\/div>\n<\/div><\/div>\n\n\n\n<div class=\"wp-block-cover alignfull has-nv-site-bg-background-color has-background-dim\" style=\"min-height:600px;aspect-ratio:unset;\"><div class=\"wp-block-cover__inner-container is-layout-flow wp-block-cover-is-layout-flow\">\n<div class=\"wp-block-group\"><div class=\"wp-block-group__inner-container is-layout-flow wp-block-group-is-layout-flow\">\n<div style=\"height:80px\" aria-hidden=\"true\" class=\"wp-block-spacer\"><\/div>\n\n\n\n<div class=\"wp-block-columns are-vertically-aligned-center is-layout-flex wp-container-core-columns-is-layout-9d6595d7 wp-block-columns-is-layout-flex\">\n<div class=\"wp-block-column is-vertically-aligned-center is-layout-flow wp-block-column-is-layout-flow\" style=\"flex-basis:50%\">\n<figure class=\"wp-block-image size-large\"><img loading=\"lazy\" decoding=\"async\" width=\"1224\" height=\"1225\" src=\"https:\/\/www.anniliikuttaa.fi\/wp-content\/uploads\/2022\/04\/maastopyoraily-edited.jpg\" alt=\"\" class=\"wp-image-383\" srcset=\"https:\/\/www.anniliikuttaa.fi\/wp-content\/uploads\/2022\/04\/maastopyoraily-edited.jpg 1224w, https:\/\/www.anniliikuttaa.fi\/wp-content\/uploads\/2022\/04\/maastopyoraily-edited-300x300.jpg 300w, https:\/\/www.anniliikuttaa.fi\/wp-content\/uploads\/2022\/04\/maastopyoraily-edited-1024x1024.jpg 1024w, https:\/\/www.anniliikuttaa.fi\/wp-content\/uploads\/2022\/04\/maastopyoraily-edited-150x150.jpg 150w, https:\/\/www.anniliikuttaa.fi\/wp-content\/uploads\/2022\/04\/maastopyoraily-edited-768x769.jpg 768w\" sizes=\"auto, (max-width: 1224px) 100vw, 1224px\" \/><\/figure>\n\n\n\n<h3 class=\"has-text-align-center has-neve-text-color-color has-text-color wp-block-heading\">Mountain biking<\/h3>\n\n\n\n<p class=\"has-text-align-center has-neve-text-color-color has-text-color\">Bike tours and sports trials. Contact us and we will plan an experience suitable for your group.<\/p>\n\n\n\n<div class=\"wp-block-buttons is-content-justification-center is-layout-flex wp-block-buttons-is-layout-flex\">\n<div class=\"wp-block-button is-style-primary\"><a class=\"wp-block-button__link\" href=\"https:\/\/www.anniliikuttaa.fi\/en\/anniliikuttaa-yhteystiedot\/\">CONTACT US<\/a><\/div>\n<\/div>\n\n\n\n<div style=\"height:40px\" aria-hidden=\"true\" class=\"wp-block-spacer\"><\/div>\n<\/div>\n\n\n\n<div class=\"wp-block-column is-vertically-aligned-center is-layout-flow wp-block-column-is-layout-flow\" style=\"flex-basis:50%\">\n<figure class=\"wp-block-image size-large\"><img loading=\"lazy\" decoding=\"async\" width=\"2558\" height=\"2560\" src=\"https:\/\/www.anniliikuttaa.fi\/wp-content\/uploads\/2022\/04\/talviohjaaja-edited-scaled.jpg\" alt=\"Hiihtoretket\" class=\"wp-image-384\" srcset=\"https:\/\/www.anniliikuttaa.fi\/wp-content\/uploads\/2022\/04\/talviohjaaja-edited-scaled.jpg 2558w, https:\/\/www.anniliikuttaa.fi\/wp-content\/uploads\/2022\/04\/talviohjaaja-edited-300x300.jpg 300w, https:\/\/www.anniliikuttaa.fi\/wp-content\/uploads\/2022\/04\/talviohjaaja-edited-1024x1024.jpg 1024w, https:\/\/www.anniliikuttaa.fi\/wp-content\/uploads\/2022\/04\/talviohjaaja-edited-150x150.jpg 150w, https:\/\/www.anniliikuttaa.fi\/wp-content\/uploads\/2022\/04\/talviohjaaja-edited-768x769.jpg 768w, https:\/\/www.anniliikuttaa.fi\/wp-content\/uploads\/2022\/04\/talviohjaaja-edited-1536x1536.jpg 1536w\" sizes=\"auto, (max-width: 2558px) 100vw, 2558px\" \/><\/figure>\n\n\n\n<h3 class=\"has-text-align-center has-neve-text-color-color has-text-color wp-block-heading\">Skiing and snowshoeing<\/h3>\n\n\n\n<p class=\"has-text-align-center has-neve-text-color-color has-text-color\">Come experience the joy of a trailless winter hike. Contact us and we will plan an experience that suits your group. <\/p>\n\n\n\n<div class=\"wp-block-buttons is-content-justification-center is-layout-flex wp-block-buttons-is-layout-flex\">\n<div class=\"wp-block-button is-style-primary\"><a class=\"wp-block-button__link\" href=\"https:\/\/www.anniliikuttaa.fi\/en\/anniliikuttaa-yhteystiedot\/\">CONTACT US<\/a><\/div>\n<\/div>\n\n\n\n<div style=\"height:40px\" aria-hidden=\"true\" class=\"wp-block-spacer\"><\/div>\n<\/div>\n<\/div>\n\n\n\n<div style=\"height:40px\" aria-hidden=\"true\" class=\"wp-block-spacer\"><\/div>\n<\/div><\/div>\n<\/div><\/div>\n\n\n\n<div class=\"wp-block-cover alignfull has-nv-dark-bg-background-color has-background-dim\" style=\"min-height:300px;aspect-ratio:unset;\"><div class=\"wp-block-cover__inner-container is-layout-flow wp-block-cover-is-layout-flow\">\n<div style=\"height:80px\" aria-hidden=\"true\" class=\"wp-block-spacer\"><\/div>\n\n\n\n<p class=\"has-text-align-center has-nv-text-dark-bg-color has-text-color\">\u201cAnni kilikutta organized a wonderful climbing experience. I was afraid beforehand for no reason.\u201d<\/p>\n\n\n\n<p class=\"has-text-align-center has-nv-text-dark-bg-color has-text-color\" style=\"font-size:14px\">Laura<\/p>\n\n\n\n<div style=\"height:80px\" aria-hidden=\"true\" class=\"wp-block-spacer\"><\/div>\n<\/div><\/div>","protected":false},"excerpt":{"rendered":"","protected":false},"author":1,"featured_media":0,"parent":0,"menu_order":0,"comment_status":"closed","ping_status":"closed","template":"","meta":{"neve_meta_sidebar":"full-width","neve_meta_container":"","neve_meta_enable_content_width":"on","neve_meta_content_width":100,"neve_meta_title_alignment":"","neve_meta_author_avatar":"","neve_post_elements_order":"","neve_meta_disable_header":"","neve_meta_disable_footer":"","neve_meta_disable_title":"on","_ti_tpc_template_sync":false,"_ti_tpc_template_id":"t3x60x1arljpehhy6mr6","footnotes":""},"class_list":["post-314","page","type-page","status-publish","hentry"],"_links":{"self":[{"href":"https:\/\/www.anniliikuttaa.fi\/en\/wp-json\/wp\/v2\/pages\/314","targetHints":{"allow":["GET"]}}],"collection":[{"href":"https:\/\/www.anniliikuttaa.fi\/en\/wp-json\/wp\/v2\/pages"}],"about":[{"href":"https:\/\/www.anniliikuttaa.fi\/en\/wp-json\/wp\/v2\/types\/page"}],"author":[{"embeddable":true,"href":"https:\/\/www.anniliikuttaa.fi\/en\/wp-json\/wp\/v2\/users\/1"}],"replies":[{"embeddable":true,"href":"https:\/\/www.anniliikuttaa.fi\/en\/wp-json\/wp\/v2\/comments?post=314"}],"version-history":[{"count":5,"href":"https:\/\/www.anniliikuttaa.fi\/en\/wp-json\/wp\/v2\/pages\/314\/revisions"}],"predecessor-version":[{"id":410,"href":"https:\/\/www.anniliikuttaa.fi\/en\/wp-json\/wp\/v2\/pages\/314\/revisions\/410"}],"wp:attachment":[{"href":"https:\/\/www.anniliikuttaa.fi\/en\/wp-json\/wp\/v2\/media?parent=314"}],"curies":[{"name":"wp","href":"https:\/\/api.w.org\/{rel}","templated":true}]}}