{"id":1576,"date":"2025-12-01T22:46:14","date_gmt":"2025-12-01T22:46:14","guid":{"rendered":"https:\/\/www.anniliikuttaa.fi\/?page_id=1576"},"modified":"2025-12-13T15:17:25","modified_gmt":"2025-12-13T15:17:25","slug":"jaakiipeilykurssi","status":"publish","type":"page","link":"https:\/\/www.anniliikuttaa.fi\/en\/jaakiipeilykurssi\/","title":{"rendered":"Ice climbing course"},"content":{"rendered":"<div class=\"wp-block-cover alignfull is-light\" style=\"min-height:600px;aspect-ratio:unset;\"><span aria-hidden=\"true\" class=\"wp-block-cover__background has-nv-light-bg-background-color has-background-dim-100 has-background-dim\"><\/span><div class=\"wp-block-cover__inner-container is-layout-flow wp-block-cover-is-layout-flow\">\n<div class=\"wp-block-group\"><div class=\"wp-block-group__inner-container is-layout-flow wp-block-group-is-layout-flow\">\n<div style=\"height:1px\" aria-hidden=\"true\" class=\"wp-block-spacer\"><\/div>\n\n\n\n<div class=\"wp-block-columns are-vertically-aligned-center is-layout-flex wp-container-core-columns-is-layout-9d6595d7 wp-block-columns-is-layout-flex\">\n<div class=\"wp-block-column is-layout-flow wp-block-column-is-layout-flow\"><\/div>\n\n\n\n<div class=\"wp-block-column is-vertically-aligned-center is-layout-flow wp-block-column-is-layout-flow\" style=\"flex-basis:50%\"><div class=\"wp-block-image is-resized\">\n<figure class=\"alignleft size-large\"><img loading=\"lazy\" decoding=\"async\" width=\"768\" height=\"1024\" src=\"https:\/\/www.anniliikuttaa.fi\/wp-content\/uploads\/2025\/12\/ylakoysi-jaakiipeily-768x1024.jpg\" alt=\"J\u00e4\u00e4kiipeilykurssi jyv\u00e4skyl\u00e4\" class=\"wp-image-1581\" style=\"width:361px;height:auto\" srcset=\"https:\/\/www.anniliikuttaa.fi\/wp-content\/uploads\/2025\/12\/ylakoysi-jaakiipeily-768x1024.jpg 768w, https:\/\/www.anniliikuttaa.fi\/wp-content\/uploads\/2025\/12\/ylakoysi-jaakiipeily-225x300.jpg 225w, https:\/\/www.anniliikuttaa.fi\/wp-content\/uploads\/2025\/12\/ylakoysi-jaakiipeily-9x12.jpg 9w, https:\/\/www.anniliikuttaa.fi\/wp-content\/uploads\/2025\/12\/ylakoysi-jaakiipeily.jpg 1125w\" sizes=\"auto, (max-width: 768px) 100vw, 768px\" \/><\/figure><\/div>\n\n<div class=\"wp-block-image is-resized\">\n<figure class=\"alignleft size-large\"><img loading=\"lazy\" decoding=\"async\" width=\"768\" height=\"1024\" src=\"https:\/\/www.anniliikuttaa.fi\/wp-content\/uploads\/2025\/12\/jaakiipeily-jyvaskyla-768x1024.jpg\" alt=\"\" class=\"wp-image-1586\" style=\"width:360px;height:auto\" srcset=\"https:\/\/www.anniliikuttaa.fi\/wp-content\/uploads\/2025\/12\/jaakiipeily-jyvaskyla-768x1024.jpg 768w, https:\/\/www.anniliikuttaa.fi\/wp-content\/uploads\/2025\/12\/jaakiipeily-jyvaskyla-225x300.jpg 225w, https:\/\/www.anniliikuttaa.fi\/wp-content\/uploads\/2025\/12\/jaakiipeily-jyvaskyla-9x12.jpg 9w, https:\/\/www.anniliikuttaa.fi\/wp-content\/uploads\/2025\/12\/jaakiipeily-jyvaskyla.jpg 1125w\" sizes=\"auto, (max-width: 768px) 100vw, 768px\" \/><\/figure><\/div><\/div>\n\n\n\n<div class=\"wp-block-column is-vertically-aligned-center is-layout-flow wp-block-column-is-layout-flow\" style=\"flex-basis:50%\">\n<h3 class=\"wp-block-heading has-text-align-center has-neve-text-color-color has-text-color\">Learn to climb independently on a natural ice fall<\/h3>\n\n\n\n<p class=\"has-text-align-left has-neve-text-color-color has-text-color\">Ice climbing is a great way to enjoy winter. Finland has several stunning ice falls, and there are many more in the mountains of the Nordic countries. This course is a smooth continuation of your skills once you have completed the beginner climbing course. <\/p>\n\n\n\n<p class=\"has-text-align-left has-neve-text-color-color has-text-color\">Place: P\u00f6ntt\u00f6vuori<br>Time: la 17.1.- su 18.1.2026<br>Course duration: 2 days, from 9:00 AM to 3:00 PM<br>Content: Independent ice climbing on a top rope:<\/p>\n\n\n\n<p class=\"has-text-align-left has-neve-text-color-color has-text-color\">On Saturday you will learn: How to make different climbing anchors: in trees, bolts, and ice screws. We will practice rope descent on ice and go over ice climbing safety issues.<\/p>\n\n\n\n<p class=\"has-text-align-left has-neve-text-color-color has-text-color\">On Sunday you will learn: Review and practice of Saturday's lessons, safe climbing activities in winter, ice climbing techniques, climbing and belaying.<\/p>\n\n\n\n<p class=\"has-text-align-left has-neve-text-color-color has-text-color\">Price: Saturday \u20ac160 Sunday \u20ac160<\/p>\n\n\n\n<p class=\"has-text-align-left has-neve-text-color-color has-text-color\">Saturday and Sunday together 290 \u20ac<\/p>\n\n\n\n<p class=\"has-text-align-left has-neve-text-color-color has-text-color\">If you have already attended the rock climbing course, you can come directly on Sunday. <br><br>SIGN UP AT THE BOTTOM OF THE PAGE<\/p>\n<\/div>\n<\/div>\n<\/div><\/div>\n<\/div><\/div>\n\n\n\n<div class=\"wp-block-cover alignfull is-light\" style=\"min-height:600px;aspect-ratio:unset;\"><span aria-hidden=\"true\" class=\"wp-block-cover__background has-nv-dark-bg-background-color has-background-dim-100 has-background-dim\"><\/span><div class=\"wp-block-cover__inner-container is-layout-flow wp-block-cover-is-layout-flow\">\n<div class=\"wp-block-group\"><div class=\"wp-block-group__inner-container is-layout-flow wp-block-group-is-layout-flow\">\n<div class=\"wp-block-columns are-vertically-aligned-center is-layout-flex wp-container-core-columns-is-layout-9d6595d7 wp-block-columns-is-layout-flex\">\n<div class=\"wp-block-column is-vertically-aligned-center is-layout-flow wp-block-column-is-layout-flow\" style=\"flex-basis:50%\">\n<h3 class=\"wp-block-heading has-nv-text-dark-bg-color has-text-color\">Ice climbing course<\/h3>\n\n\n\n<p class=\"has-nv-site-bg-color has-text-color has-link-color wp-elements-9190d6b1bed86baa79bcf204c967b004\">The ice climbing course is held over two days, both at P\u00f6ntt\u00f6vuori, about 20 km from Jyv\u00e4skyl\u00e4. In this course, you will learn how to make anchors in trees, bolts, or ice screws so that you can set up climbing ropes on ice yourself. You will learn to rappel independently and get familiar with the basics of ice climbing. Once you have the skills, you will climb while belaying each other. You can attend this course if you already have the basics, meaning you have taken a top-rope course or know the knots and belaying techniques with various belay devices. <br><\/p>\n\n\n\n<p><\/p>\n\n\n\n<div class=\"wp-block-buttons is-layout-flex wp-block-buttons-is-layout-flex\">\n<div class=\"wp-block-button is-style-primary\"><a class=\"wp-block-button__link wp-element-button\" href=\"https:\/\/www.anniliikuttaa.fi\/en\/kiipeilyn-alkeiskurssi\/\">READ MORE ABOUT THE BEGINNER COURSE<\/a><\/div>\n<\/div>\n\n\n\n<div style=\"height:20px\" aria-hidden=\"true\" class=\"wp-block-spacer\"><\/div>\n<\/div>\n\n\n\n<div class=\"wp-block-column is-vertically-aligned-center is-layout-flow wp-block-column-is-layout-flow\" style=\"flex-basis:50%\">\n<figure class=\"wp-block-image size-large is-resized\"><img loading=\"lazy\" decoding=\"async\" width=\"768\" height=\"1024\" src=\"https:\/\/www.anniliikuttaa.fi\/wp-content\/uploads\/2025\/12\/lumiankkuri-768x1024.jpg\" alt=\"\" class=\"wp-image-1593\" style=\"width:318px;height:auto\" srcset=\"https:\/\/www.anniliikuttaa.fi\/wp-content\/uploads\/2025\/12\/lumiankkuri-768x1024.jpg 768w, https:\/\/www.anniliikuttaa.fi\/wp-content\/uploads\/2025\/12\/lumiankkuri-225x300.jpg 225w, https:\/\/www.anniliikuttaa.fi\/wp-content\/uploads\/2025\/12\/lumiankkuri-9x12.jpg 9w, https:\/\/www.anniliikuttaa.fi\/wp-content\/uploads\/2025\/12\/lumiankkuri.jpg 1125w\" sizes=\"auto, (max-width: 768px) 100vw, 768px\" \/><\/figure>\n\n\n\n<p><\/p>\n\n\n\n<figure class=\"wp-block-image size-large is-resized\"><img loading=\"lazy\" decoding=\"async\" width=\"768\" height=\"1024\" src=\"https:\/\/www.anniliikuttaa.fi\/wp-content\/uploads\/2025\/12\/ablakov-jaa-ankkuri-768x1024.jpg\" alt=\"\" class=\"wp-image-1582\" style=\"width:313px;height:auto\" srcset=\"https:\/\/www.anniliikuttaa.fi\/wp-content\/uploads\/2025\/12\/ablakov-jaa-ankkuri-768x1024.jpg 768w, https:\/\/www.anniliikuttaa.fi\/wp-content\/uploads\/2025\/12\/ablakov-jaa-ankkuri-225x300.jpg 225w, https:\/\/www.anniliikuttaa.fi\/wp-content\/uploads\/2025\/12\/ablakov-jaa-ankkuri-9x12.jpg 9w, https:\/\/www.anniliikuttaa.fi\/wp-content\/uploads\/2025\/12\/ablakov-jaa-ankkuri.jpg 1125w\" sizes=\"auto, (max-width: 768px) 100vw, 768px\" \/><\/figure>\n<\/div>\n<\/div>\n<\/div><\/div>\n<\/div><\/div>\n\n\n\n<div class=\"wp-block-columns is-layout-flex wp-container-core-columns-is-layout-9d6595d7 wp-block-columns-is-layout-flex\">\n<div class=\"wp-block-column is-layout-flow wp-block-column-is-layout-flow\">\n<figure class=\"wp-block-image size-large is-resized\"><img loading=\"lazy\" decoding=\"async\" width=\"768\" height=\"1024\" src=\"https:\/\/www.anniliikuttaa.fi\/wp-content\/uploads\/2025\/12\/ylakoysi-jaakiipeily-kurssi-768x1024.jpg\" alt=\"\" class=\"wp-image-1580\" style=\"width:348px;height:auto\" srcset=\"https:\/\/www.anniliikuttaa.fi\/wp-content\/uploads\/2025\/12\/ylakoysi-jaakiipeily-kurssi-768x1024.jpg 768w, https:\/\/www.anniliikuttaa.fi\/wp-content\/uploads\/2025\/12\/ylakoysi-jaakiipeily-kurssi-225x300.jpg 225w, https:\/\/www.anniliikuttaa.fi\/wp-content\/uploads\/2025\/12\/ylakoysi-jaakiipeily-kurssi-9x12.jpg 9w, https:\/\/www.anniliikuttaa.fi\/wp-content\/uploads\/2025\/12\/ylakoysi-jaakiipeily-kurssi.jpg 1125w\" sizes=\"auto, (max-width: 768px) 100vw, 768px\" \/><\/figure>\n\n\n\n<p><\/p>\n\n\n\n<figure class=\"wp-block-image size-large is-resized\"><img loading=\"lazy\" decoding=\"async\" width=\"768\" height=\"1024\" src=\"https:\/\/www.anniliikuttaa.fi\/wp-content\/uploads\/2025\/12\/jaakiipeilija-768x1024.jpg\" alt=\"\" class=\"wp-image-1585\" style=\"width:345px;height:auto\" srcset=\"https:\/\/www.anniliikuttaa.fi\/wp-content\/uploads\/2025\/12\/jaakiipeilija-768x1024.jpg 768w, https:\/\/www.anniliikuttaa.fi\/wp-content\/uploads\/2025\/12\/jaakiipeilija-225x300.jpg 225w, https:\/\/www.anniliikuttaa.fi\/wp-content\/uploads\/2025\/12\/jaakiipeilija-9x12.jpg 9w, https:\/\/www.anniliikuttaa.fi\/wp-content\/uploads\/2025\/12\/jaakiipeilija.jpg 1125w\" sizes=\"auto, (max-width: 768px) 100vw, 768px\" \/><\/figure>\n<\/div>\n\n\n\n<div class=\"wp-block-column is-layout-flow wp-block-column-is-layout-flow\">\n<p><\/p>\n\n\n\n<p>Price: Saturday \u20ac160 Sunday \u20ac160<\/p>\n\n\n\n<p class=\"has-text-align-left has-neve-text-color-color has-text-color\">Saturday and Sunday together 290 \u20ac<\/p>\n\n\n\n<p>If you have already attended the rock climbing course, you can come directly on Sunday.<br><\/p>\n\n\n\n<p>Payment can be made by invoice, cash, or MobilePay. You can also pay with all sports benefit vouchers: ePassi, Edenred, or Smartum.<\/p>\n\n\n\n<p>The prices include: Lots of information, learning, equipment for the duration of the courses (helmets, harnesses, ropes, ice axes, crampons, ice climbing boots, and other climbing gear), experiences of success, amazing adventures.<br><br>The maximum number of participants on Saturday is 6, the minimum is 2<br>The maximum number of participants on Sunday is 6, the minimum is 2 <\/p>\n<\/div>\n<\/div>\n\n\n\n<p>The minimum age for the event is 15 years.<br>Participants are not insured by the organizer, participation is at your own risk. It is a good idea to have your own accident insurance and check if it covers the climb.<\/p>\n\n\n\n<p>Register using the form below! Registration is binding and must be made no later than 24 hours before the start of the event.<\/p>\n\n\n\n<p>All information on the form will be treated confidentially and will only be used for this event.<br>Cancellation policy: Cancellations made 72 hours before the event are free of charge; after that, cancellations are allowed with a doctor's certificate, otherwise we charge 50% of the course fee. The course organizer reserves the right to cancel the course if the number of participants is insufficient or the weather is unexpectedly poor. The frost limit is around -16 degrees. Rain is not an obstacle.<\/p>\n\n\n\n<p>Any questions? Contact 050-3686186\/ Anni<\/p>\n\n\n\n<p>We have some really great courses coming up! Welcome!<\/p>\n\n\n\n<iframe loading=\"lazy\" src=\"https:\/\/docs.google.com\/forms\/d\/e\/1FAIpQLScUSaxe7Zns7Afn4Bix5ST0b44SoXAFa3zoiLYE1EyLl3QLGQ\/viewform?embedded=true\" width=\"640\" height=\"1101\" frameborder=\"0\" marginheight=\"0\" marginwidth=\"0\">Loading\u2026<\/iframe>\n\n\n\n<div class=\"wp-block-cover alignfull is-light\" style=\"min-height:300px;aspect-ratio:unset;\"><span aria-hidden=\"true\" class=\"wp-block-cover__background has-nv-dark-bg-background-color has-background-dim-100 has-background-dim\"><\/span><div class=\"wp-block-cover__inner-container is-layout-flow wp-block-cover-is-layout-flow\">\n<div style=\"height:140px\" aria-hidden=\"true\" class=\"wp-block-spacer\"><\/div>\n\n\n\n<h2 class=\"wp-block-heading has-text-align-center has-nv-text-dark-bg-color has-text-color\">Welcome to the wonderful world of climbing<\/h2>\n\n\n\n<p class=\"has-text-align-center\">Please send a message if you have any questions or couldn&#039;t find a suitable time.<\/p>\n\n\n\n<div class=\"wp-block-buttons is-horizontal is-content-justification-center is-layout-flex wp-container-core-buttons-is-layout-499968f5 wp-block-buttons-is-layout-flex\">\n<div class=\"wp-block-button is-style-primary\"><a class=\"wp-block-button__link wp-element-button\" href=\"https:\/\/www.anniliikuttaa.fi\/en\/anniliikuttaa-yhteystiedot\/\">CONTACT US<\/a><\/div>\n<\/div>\n\n\n\n<div style=\"height:140px\" aria-hidden=\"true\" class=\"wp-block-spacer\"><\/div>\n<\/div><\/div>","protected":false},"excerpt":{"rendered":"<p>Hinta: Lauantai 160 \u20ac Sunnuntai 160 \u20ac Molemmat p\u00e4iv\u00e4t yhteens\u00e4 290 \u20ac Mik\u00e4li olet k\u00e4ynyt jo kalliokiipeilykurssin voit tulla suoraan sunnuntaihin. Maksun voi hoitaa laskulla, k\u00e4teisell\u00e4 tai mobilepaylla. Maksaa voi my\u00f6s kaikilla liikuntaeduilla: ePassi, edenred, tai Smartum. Hinnat sis\u00e4lt\u00e4\u00e4: Paljon informaatiota, oppimista, v\u00e4lineet kurssien ajaksi (kyp\u00e4r\u00e4t, valjaat, k\u00f6ydet, hakut, raudat, j\u00e4\u00e4kiipeilymonot ym. kiipeilytarvikkeet), onnistumisen kokemuksia,&hellip;&nbsp;<a href=\"https:\/\/www.anniliikuttaa.fi\/en\/jaakiipeilykurssi\/\" class=\"\" rel=\"bookmark\">Read More \u00bb<span class=\"screen-reader-text\">Ice climbing course<\/span><\/a><\/p>","protected":false},"author":1,"featured_media":0,"parent":0,"menu_order":0,"comment_status":"closed","ping_status":"closed","template":"","meta":{"neve_meta_sidebar":"","neve_meta_container":"","neve_meta_enable_content_width":"","neve_meta_content_width":0,"neve_meta_title_alignment":"","neve_meta_author_avatar":"","neve_post_elements_order":"","neve_meta_disable_header":"","neve_meta_disable_footer":"","neve_meta_disable_title":"","_ti_tpc_template_sync":false,"_ti_tpc_template_id":"","footnotes":""},"class_list":["post-1576","page","type-page","status-publish","hentry"],"_links":{"self":[{"href":"https:\/\/www.anniliikuttaa.fi\/en\/wp-json\/wp\/v2\/pages\/1576","targetHints":{"allow":["GET"]}}],"collection":[{"href":"https:\/\/www.anniliikuttaa.fi\/en\/wp-json\/wp\/v2\/pages"}],"about":[{"href":"https:\/\/www.anniliikuttaa.fi\/en\/wp-json\/wp\/v2\/types\/page"}],"author":[{"embeddable":true,"href":"https:\/\/www.anniliikuttaa.fi\/en\/wp-json\/wp\/v2\/users\/1"}],"replies":[{"embeddable":true,"href":"https:\/\/www.anniliikuttaa.fi\/en\/wp-json\/wp\/v2\/comments?post=1576"}],"version-history":[{"count":10,"href":"https:\/\/www.anniliikuttaa.fi\/en\/wp-json\/wp\/v2\/pages\/1576\/revisions"}],"predecessor-version":[{"id":1610,"href":"https:\/\/www.anniliikuttaa.fi\/en\/wp-json\/wp\/v2\/pages\/1576\/revisions\/1610"}],"wp:attachment":[{"href":"https:\/\/www.anniliikuttaa.fi\/en\/wp-json\/wp\/v2\/media?parent=1576"}],"curies":[{"name":"wp","href":"https:\/\/api.w.org\/{rel}","templated":true}]}}