{"id":118,"date":"2021-08-15T17:36:13","date_gmt":"2021-08-15T17:36:13","guid":{"rendered":"http:\/\/www.anniliikuttaa.fi\/?page_id=118"},"modified":"2026-01-25T14:10:28","modified_gmt":"2026-01-25T14:10:28","slug":"kalliokiipeilykurssi","status":"publish","type":"page","link":"https:\/\/www.anniliikuttaa.fi\/en\/kalliokiipeilykurssi\/","title":{"rendered":"Rock climbing course"},"content":{"rendered":"<div class=\"wp-block-cover alignfull is-light\" style=\"min-height:600px;aspect-ratio:unset;\"><span aria-hidden=\"true\" class=\"wp-block-cover__background has-nv-light-bg-background-color has-background-dim-100 has-background-dim\"><\/span><div class=\"wp-block-cover__inner-container is-layout-flow wp-block-cover-is-layout-flow\">\n<div class=\"wp-block-group\"><div class=\"wp-block-group__inner-container is-layout-flow wp-block-group-is-layout-flow\">\n<div style=\"height:1px\" aria-hidden=\"true\" class=\"wp-block-spacer\"><\/div>\n\n\n\n<div class=\"wp-block-columns are-vertically-aligned-center is-layout-flex wp-container-core-columns-is-layout-9d6595d7 wp-block-columns-is-layout-flex\">\n<div class=\"wp-block-column is-vertically-aligned-center is-layout-flow wp-block-column-is-layout-flow\" style=\"flex-basis:50%\"><div class=\"wp-block-image\">\n<figure class=\"alignleft size-large is-resized\"><img loading=\"lazy\" decoding=\"async\" width=\"850\" height=\"850\" src=\"https:\/\/www.anniliikuttaa.fi\/wp-content\/uploads\/2022\/04\/kalliokiipeily-edited.jpg\" alt=\"Kalliokiipeily jyv\u00e4skyl\u00e4ss\u00e4\" class=\"wp-image-388\" style=\"width:400px;height:400px\" srcset=\"https:\/\/www.anniliikuttaa.fi\/wp-content\/uploads\/2022\/04\/kalliokiipeily-edited.jpg 850w, https:\/\/www.anniliikuttaa.fi\/wp-content\/uploads\/2022\/04\/kalliokiipeily-edited-300x300.jpg 300w, https:\/\/www.anniliikuttaa.fi\/wp-content\/uploads\/2022\/04\/kalliokiipeily-edited-150x150.jpg 150w, https:\/\/www.anniliikuttaa.fi\/wp-content\/uploads\/2022\/04\/kalliokiipeily-edited-768x768.jpg 768w\" sizes=\"auto, (max-width: 850px) 100vw, 850px\" \/><\/figure><\/div><\/div>\n\n\n\n<div class=\"wp-block-column is-vertically-aligned-center is-layout-flow wp-block-column-is-layout-flow\" style=\"flex-basis:50%\">\n<h3 class=\"wp-block-heading has-text-align-center has-neve-text-color-color has-text-color\">Learn to climb independently on a natural rock<\/h3>\n\n\n\n<p class=\"has-text-align-left has-neve-text-color-color has-text-color\">Place: Patamankallio, Hirvaskangas<br>Time: Next course 20.-21.5.2026 at 5-8 pm<br>Course duration: 2 evenings, 4 hours x 2<br>Content: climbing anchors for trees and bolts, rope abseiling, safe climbing activities outdoors. <br>Price: \u20ac170<br><br>SIGN UP AT THE BOTTOM OF THE PAGE<\/p>\n\n\n\n<div class=\"wp-block-buttons is-horizontal is-content-justification-center is-layout-flex wp-container-core-buttons-is-layout-499968f5 wp-block-buttons-is-layout-flex\"><\/div>\n\n\n\n<div style=\"height:40px\" aria-hidden=\"true\" class=\"wp-block-spacer\"><\/div>\n<\/div>\n<\/div>\n<\/div><\/div>\n<\/div><\/div>\n\n\n\n<div class=\"wp-block-cover alignfull is-light\" style=\"min-height:600px;aspect-ratio:unset;\"><span aria-hidden=\"true\" class=\"wp-block-cover__background has-nv-dark-bg-background-color has-background-dim-100 has-background-dim\"><\/span><div class=\"wp-block-cover__inner-container is-layout-flow wp-block-cover-is-layout-flow\">\n<div class=\"wp-block-group\"><div class=\"wp-block-group__inner-container is-layout-flow wp-block-group-is-layout-flow\">\n<div style=\"height:80px\" aria-hidden=\"true\" class=\"wp-block-spacer\"><\/div>\n\n\n\n<div class=\"wp-block-columns are-vertically-aligned-center is-layout-flex wp-container-core-columns-is-layout-9d6595d7 wp-block-columns-is-layout-flex\">\n<div class=\"wp-block-column is-vertically-aligned-center is-layout-flow wp-block-column-is-layout-flow\" style=\"flex-basis:50%\">\n<h3 class=\"wp-block-heading has-nv-text-dark-bg-color has-text-color\">Rock climbing course<\/h3>\n\n\n\n<p class=\"has-nv-site-bg-color has-text-color has-link-color wp-elements-c306bfad73484d71a1869c61a65674b6\">The rock climbing course is held over two evenings at Pataman Rock, Hirvaskangas, about 30 minutes north of Jyv\u00e4skyl\u00e4. In this course, you will learn how to make an anchor on a tree and a bolt so that you can set up climbing ropes on the rock yourself. You will learn to rappel independently and become familiar with the basics of rock climbing. Once you have a handle on the skills, we will climb while belaying each other. You can attend this course if you already have the basics, meaning you have taken a top-rope course or know how to tie knots and use different belay devices. <br><\/p>\n\n\n\n<p><\/p>\n\n\n\n<div class=\"wp-block-buttons is-layout-flex wp-block-buttons-is-layout-flex\">\n<div class=\"wp-block-button is-style-primary\"><a class=\"wp-block-button__link wp-element-button\" href=\"https:\/\/www.anniliikuttaa.fi\/en\/kiipeilyn-alkeiskurssi\/\">READ MORE ABOUT THE BEGINNER COURSE<\/a><\/div>\n<\/div>\n\n\n\n<div style=\"height:20px\" aria-hidden=\"true\" class=\"wp-block-spacer\"><\/div>\n<\/div>\n\n\n\n<div class=\"wp-block-column is-vertically-aligned-center is-layout-flow wp-block-column-is-layout-flow\" style=\"flex-basis:50%\">\n<figure class=\"wp-block-image size-large\"><img loading=\"lazy\" decoding=\"async\" width=\"768\" height=\"1024\" src=\"https:\/\/www.anniliikuttaa.fi\/wp-content\/uploads\/2022\/04\/IMG_20210518_104005-768x1024.jpg\" alt=\"K\u00f6ysilaskeutumista Jyv\u00e4skyl\u00e4ss\u00e4\" class=\"wp-image-442\" srcset=\"https:\/\/www.anniliikuttaa.fi\/wp-content\/uploads\/2022\/04\/IMG_20210518_104005-768x1024.jpg 768w, https:\/\/www.anniliikuttaa.fi\/wp-content\/uploads\/2022\/04\/IMG_20210518_104005-225x300.jpg 225w, https:\/\/www.anniliikuttaa.fi\/wp-content\/uploads\/2022\/04\/IMG_20210518_104005-1152x1536.jpg 1152w, https:\/\/www.anniliikuttaa.fi\/wp-content\/uploads\/2022\/04\/IMG_20210518_104005.jpg 1368w\" sizes=\"auto, (max-width: 768px) 100vw, 768px\" \/><\/figure>\n<\/div>\n<\/div>\n\n\n\n<div style=\"height:40px\" aria-hidden=\"true\" class=\"wp-block-spacer\"><\/div>\n<\/div><\/div>\n<\/div><\/div>\n\n\n\n<div class=\"wp-block-columns is-layout-flex wp-container-core-columns-is-layout-9d6595d7 wp-block-columns-is-layout-flex\">\n<div class=\"wp-block-column is-layout-flow wp-block-column-is-layout-flow\">\n<figure class=\"wp-block-image size-large\"><img loading=\"lazy\" decoding=\"async\" width=\"1198\" height=\"1599\" src=\"https:\/\/www.anniliikuttaa.fi\/wp-content\/uploads\/2022\/04\/IMG-20210612-WA0029-edited-3.jpg\" alt=\"Kalliokiipeily Jyvaskyla\" class=\"wp-image-468\" srcset=\"https:\/\/www.anniliikuttaa.fi\/wp-content\/uploads\/2022\/04\/IMG-20210612-WA0029-edited-3.jpg 1198w, https:\/\/www.anniliikuttaa.fi\/wp-content\/uploads\/2022\/04\/IMG-20210612-WA0029-edited-3-225x300.jpg 225w, https:\/\/www.anniliikuttaa.fi\/wp-content\/uploads\/2022\/04\/IMG-20210612-WA0029-edited-3-767x1024.jpg 767w, https:\/\/www.anniliikuttaa.fi\/wp-content\/uploads\/2022\/04\/IMG-20210612-WA0029-edited-3-768x1025.jpg 768w, https:\/\/www.anniliikuttaa.fi\/wp-content\/uploads\/2022\/04\/IMG-20210612-WA0029-edited-3-1151x1536.jpg 1151w\" sizes=\"auto, (max-width: 1198px) 100vw, 1198px\" \/><\/figure>\n<\/div>\n\n\n\n<div class=\"wp-block-column is-layout-flow wp-block-column-is-layout-flow\">\n<p>Tariff:<br>Rock climbing course 170e<br>Beginners and Rock as a package 235e<\/p>\n\n\n\n<p>Payment can be made by invoice, cash or mobilepay on the day of the course. You can also pay with ePassi or Smartum.<\/p>\n\n\n\n<p>Prices include: Lots of information, learning, equipment for the courses (helmets, harnesses, ropes, etc. climbing equipment), experiences of success, wonderful experiences<\/p>\n<\/div>\n<\/div>\n\n\n\n<p>The minimum age for the event is 12 years.<br>Participants are not insured by the organizer, participation is at your own risk. It is a good idea to have your own accident insurance and check if it covers the climb.<\/p>\n\n\n\n<p>Register using the form below! Registration is binding and must be made no later than 24 hours before the start of the event.<\/p>\n\n\n\n<p>All information on the form will be treated confidentially and will only be used for this event.<br>Cancellation conditions: Cancellations 72 hours before the event are free of charge, after that cancellations with a doctor&#039;s certificate, otherwise we will charge 50% of the course price. The course organizer reserves the right to cancel the course if the number of participants is not sufficient or the weather is unexpectedly bad. Rain is not an obstacle.<\/p>\n\n\n\n<p>Any questions? Contact 050-3686186\/ Anni<\/p>\n\n\n\n<p>We have some really great courses coming up! Welcome!<\/p>\n\n\n\n<iframe loading=\"lazy\" src=\"https:\/\/docs.google.com\/forms\/d\/e\/1FAIpQLScUSaxe7Zns7Afn4Bix5ST0b44SoXAFa3zoiLYE1EyLl3QLGQ\/viewform?embedded=true\" width=\"640\" height=\"1101\" frameborder=\"0\" marginheight=\"0\" marginwidth=\"0\">Loading\u2026<\/iframe>\n\n\n\n<div class=\"wp-block-cover alignfull is-light\" style=\"min-height:300px;aspect-ratio:unset;\"><span aria-hidden=\"true\" class=\"wp-block-cover__background has-nv-dark-bg-background-color has-background-dim-100 has-background-dim\"><\/span><div class=\"wp-block-cover__inner-container is-layout-flow wp-block-cover-is-layout-flow\">\n<div style=\"height:140px\" aria-hidden=\"true\" class=\"wp-block-spacer\"><\/div>\n\n\n\n<h2 class=\"wp-block-heading has-text-align-center has-nv-text-dark-bg-color has-text-color\">Welcome to the wonderful world of climbing<\/h2>\n\n\n\n<p class=\"has-text-align-center\">Please send a message if you have any questions or couldn&#039;t find a suitable time.<\/p>\n\n\n\n<div class=\"wp-block-buttons is-horizontal is-content-justification-center is-layout-flex wp-container-core-buttons-is-layout-499968f5 wp-block-buttons-is-layout-flex\">\n<div class=\"wp-block-button is-style-primary\"><a class=\"wp-block-button__link wp-element-button\" href=\"https:\/\/www.anniliikuttaa.fi\/en\/anniliikuttaa-yhteystiedot\/\">CONTACT US<\/a><\/div>\n<\/div>\n\n\n\n<div style=\"height:140px\" aria-hidden=\"true\" class=\"wp-block-spacer\"><\/div>\n<\/div><\/div>","protected":false},"excerpt":{"rendered":"<p>Hinnat:Kalliokiipeilykurssi 170eAlkeet ja Kallio pakettina 235e Maksun voi hoitaa laskulla, k\u00e4teisell\u00e4 tai mobilepaylla kurssip\u00e4iv\u00e4n\u00e4. Maksaa voi my\u00f6s ePassilla tai Smartumilla. Hinnat sis\u00e4lt\u00e4\u00e4: Paljon informaatiota, oppimista, v\u00e4lineet kurssien ajaksi (kyp\u00e4r\u00e4t, valjaat, k\u00f6ydet ym. kiipeilytarvikkeet), onnistumisen kokemuksia, upeita el\u00e4myksi\u00e4 Tapahtuman alaik\u00e4raja on 12 vuotta.Osallistujia ei ole vakuutettu j\u00e4rjest\u00e4j\u00e4n toimesta, osallistuminen omalla vastuulla. Sinulla on hyv\u00e4 olla olemassa&hellip;&nbsp;<a href=\"https:\/\/www.anniliikuttaa.fi\/en\/kalliokiipeilykurssi\/\" class=\"\" rel=\"bookmark\">Read More \u00bb<span class=\"screen-reader-text\">Rock climbing course<\/span><\/a><\/p>","protected":false},"author":1,"featured_media":0,"parent":0,"menu_order":0,"comment_status":"closed","ping_status":"closed","template":"","meta":{"neve_meta_sidebar":"","neve_meta_container":"","neve_meta_enable_content_width":"","neve_meta_content_width":0,"neve_meta_title_alignment":"","neve_meta_author_avatar":"","neve_post_elements_order":"","neve_meta_disable_header":"","neve_meta_disable_footer":"","neve_meta_disable_title":"","_ti_tpc_template_sync":false,"_ti_tpc_template_id":"","footnotes":""},"class_list":["post-118","page","type-page","status-publish","hentry"],"_links":{"self":[{"href":"https:\/\/www.anniliikuttaa.fi\/en\/wp-json\/wp\/v2\/pages\/118","targetHints":{"allow":["GET"]}}],"collection":[{"href":"https:\/\/www.anniliikuttaa.fi\/en\/wp-json\/wp\/v2\/pages"}],"about":[{"href":"https:\/\/www.anniliikuttaa.fi\/en\/wp-json\/wp\/v2\/types\/page"}],"author":[{"embeddable":true,"href":"https:\/\/www.anniliikuttaa.fi\/en\/wp-json\/wp\/v2\/users\/1"}],"replies":[{"embeddable":true,"href":"https:\/\/www.anniliikuttaa.fi\/en\/wp-json\/wp\/v2\/comments?post=118"}],"version-history":[{"count":31,"href":"https:\/\/www.anniliikuttaa.fi\/en\/wp-json\/wp\/v2\/pages\/118\/revisions"}],"predecessor-version":[{"id":1626,"href":"https:\/\/www.anniliikuttaa.fi\/en\/wp-json\/wp\/v2\/pages\/118\/revisions\/1626"}],"wp:attachment":[{"href":"https:\/\/www.anniliikuttaa.fi\/en\/wp-json\/wp\/v2\/media?parent=118"}],"curies":[{"name":"wp","href":"https:\/\/api.w.org\/{rel}","templated":true}]}}