{"id":106,"date":"2021-08-15T17:18:18","date_gmt":"2021-08-15T17:18:18","guid":{"rendered":"http:\/\/www.anniliikuttaa.fi\/?page_id=106"},"modified":"2021-10-12T11:05:10","modified_gmt":"2021-10-12T11:05:10","slug":"ulkotreenit-2","status":"publish","type":"page","link":"https:\/\/www.anniliikuttaa.fi\/en\/ulkotreenit-2\/","title":{"rendered":"Ulkotreenit"},"content":{"rendered":"<p>Ulkotreenit on sinulle kuka haluat treenata kannustavassa hyv\u00e4ss\u00e4 seurassa. Ryhm\u00e4 kokoontuu aina maanantai-iltaisin klo 18-19. Paikat vaihtuvat joka viikko. Porrastreenit, Kaikki treenit ovat ohjattuja ja ulkona kelist\u00e4 riippumatta. <\/p>\n\n\n\n<p>Vakiotreeniryhm\u00e4 joka maanantai. Lue lis\u00e4\u00e4 ja ilmoittaudu mukaan!<\/p>\n\n\n\n<figure class=\"wp-block-image size-large\"><img loading=\"lazy\" decoding=\"async\" width=\"768\" height=\"1024\" src=\"http:\/\/www.anniliikuttaa.fi\/wp-content\/uploads\/2021\/07\/ulkotreeni2-768x1024.jpg\" alt=\"\" class=\"wp-image-77\" srcset=\"https:\/\/www.anniliikuttaa.fi\/wp-content\/uploads\/2021\/07\/ulkotreeni2-768x1024.jpg 768w, https:\/\/www.anniliikuttaa.fi\/wp-content\/uploads\/2021\/07\/ulkotreeni2-225x300.jpg 225w, https:\/\/www.anniliikuttaa.fi\/wp-content\/uploads\/2021\/07\/ulkotreeni2.jpg 1125w\" sizes=\"auto, (max-width: 768px) 100vw, 768px\" \/><figcaption>Outdoor exercise in Jyv\u00e4skyl\u00e4<\/figcaption><\/figure>\n\n\n\n<div class=\"wp-block-buttons is-layout-flex wp-block-buttons-is-layout-flex\">\n<div class=\"wp-block-button is-style-outline is-style-outline--1\"><a class=\"wp-block-button__link has-black-color has-vivid-green-cyan-background-color has-text-color has-background\">Ilmoittaudu t\u00e4st\u00e4 mukaan ulkotreeneihin<\/a><\/div>\n<\/div>","protected":false},"excerpt":{"rendered":"<p>Ulkotreenit on sinulle kuka haluat treenata kannustavassa hyv\u00e4ss\u00e4 seurassa. Ryhm\u00e4 kokoontuu aina maanantai-iltaisin klo 18-19. Paikat vaihtuvat joka viikko. Porrastreenit, Kaikki treenit ovat ohjattuja ja ulkona kelist\u00e4 riippumatta. Vakiotreeniryhm\u00e4 joka maanantai. Lue lis\u00e4\u00e4 ja ilmoittaudu mukaan!<\/p>","protected":false},"author":1,"featured_media":0,"parent":0,"menu_order":0,"comment_status":"closed","ping_status":"closed","template":"template-full-width.php","meta":{"neve_meta_sidebar":"","neve_meta_container":"","neve_meta_enable_content_width":"","neve_meta_content_width":0,"neve_meta_title_alignment":"","neve_meta_author_avatar":"","neve_post_elements_order":"","neve_meta_disable_header":"","neve_meta_disable_footer":"","neve_meta_disable_title":"","_ti_tpc_template_sync":false,"_ti_tpc_template_id":"","footnotes":""},"class_list":["post-106","page","type-page","status-publish","hentry"],"_links":{"self":[{"href":"https:\/\/www.anniliikuttaa.fi\/en\/wp-json\/wp\/v2\/pages\/106","targetHints":{"allow":["GET"]}}],"collection":[{"href":"https:\/\/www.anniliikuttaa.fi\/en\/wp-json\/wp\/v2\/pages"}],"about":[{"href":"https:\/\/www.anniliikuttaa.fi\/en\/wp-json\/wp\/v2\/types\/page"}],"author":[{"embeddable":true,"href":"https:\/\/www.anniliikuttaa.fi\/en\/wp-json\/wp\/v2\/users\/1"}],"replies":[{"embeddable":true,"href":"https:\/\/www.anniliikuttaa.fi\/en\/wp-json\/wp\/v2\/comments?post=106"}],"version-history":[{"count":4,"href":"https:\/\/www.anniliikuttaa.fi\/en\/wp-json\/wp\/v2\/pages\/106\/revisions"}],"predecessor-version":[{"id":161,"href":"https:\/\/www.anniliikuttaa.fi\/en\/wp-json\/wp\/v2\/pages\/106\/revisions\/161"}],"wp:attachment":[{"href":"https:\/\/www.anniliikuttaa.fi\/en\/wp-json\/wp\/v2\/media?parent=106"}],"curies":[{"name":"wp","href":"https:\/\/api.w.org\/{rel}","templated":true}]}}